{"id":764,"date":"2021-03-21T15:49:25","date_gmt":"2021-03-21T14:49:25","guid":{"rendered":"https:\/\/socho-edu.pl\/?page_id=764"},"modified":"2023-04-26T12:37:51","modified_gmt":"2023-04-26T10:37:51","slug":"rekrutacja-2021-2022","status":"publish","type":"page","link":"https:\/\/socho-edu.pl\/?page_id=764","title":{"rendered":"Rekrutacja"},"content":{"rendered":"\t\t<div data-elementor-type=\"wp-page\" data-elementor-id=\"764\" class=\"elementor elementor-764\">\n\t\t\t\t\t\t<section class=\"elementor-section elementor-top-section elementor-element elementor-element-f86ee2 elementor-section-boxed elementor-section-height-default elementor-section-height-default\" data-id=\"f86ee2\" data-element_type=\"section\">\n\t\t\t\t\t\t<div class=\"elementor-container elementor-column-gap-default\">\n\t\t\t\t\t<div class=\"elementor-column elementor-col-100 elementor-top-column elementor-element elementor-element-4f639ce9\" data-id=\"4f639ce9\" data-element_type=\"column\">\n\t\t\t<div class=\"elementor-widget-wrap elementor-element-populated\">\n\t\t\t\t\t\t<div class=\"elementor-element elementor-element-debeb1e elementor-widget__width-initial elementor-widget elementor-widget-text-editor\" data-id=\"debeb1e\" data-element_type=\"widget\" data-widget_type=\"text-editor.default\">\n\t\t\t\t<div class=\"elementor-widget-container\">\n\t\t\t\t\t\t\t\t\t<p><\/p>\n<p><\/p>\n<h3><em><strong>ZAPISZ SI\u0118 DO NASZYCH SZK\u00d3\u0141 JU\u017b DZI\u015a!<\/strong><\/em><\/h3>\n<h6>\u00a0<\/h6>\n<h5 class=\"has-text-align-center has-medium-font-size\" style=\"text-align: left;\"><strong>REKRUTACJA<\/strong>\u00a0trwa <strong>ca\u0142y rok.\u00a0<br \/><\/strong>Kandydat mo\u017ce rozpocz\u0105\u0107 nauk\u0119 zar\u00f3wno w <strong>SEMESTRZE JESIENNYM<\/strong> (trwa od wrze\u015bnia do stycznia), jak i w <strong>SEMESTRZE WIOSENNYM<\/strong> (trwa od lutego do czerwca).<\/h5>\n<h5 style=\"text-align: left;\">O przyj\u0119ciu do naszych szk\u00f3\u0142 decyduje <span style=\"text-decoration: underline;\"><strong>kolejno\u015b\u0107 zg\u0142osze\u0144<\/strong><\/span> oraz dostarczenie <strong><span style=\"text-decoration: underline;\">wymaganych dokument\u00f3w<\/span>.<br \/><\/strong>Ponadto do liceum og\u00f3lnokszta\u0142c\u0105cego dla doros\u0142ych przyjmujemy osoby,<br \/>kt\u00f3re najp\u00f3\u017aniej w dniu rozpocz\u0119cia zaj\u0119\u0107 <strong><span style=\"text-decoration: underline;\">uko\u0144czy\u0142y 16 lat<\/span>.<\/strong><\/h5>\n<p><img fetchpriority=\"high\" decoding=\"async\" class=\"size-medium wp-image-2269 alignright\" src=\"https:\/\/socho-edu.pl\/wp-content\/uploads\/2021\/12\/rekrutacja-300x180.jpg\" alt=\"\" width=\"300\" height=\"180\" srcset=\"https:\/\/socho-edu.pl\/wp-content\/uploads\/2021\/12\/rekrutacja-300x180.jpg 300w, https:\/\/socho-edu.pl\/wp-content\/uploads\/2021\/12\/rekrutacja.jpg 643w\" sizes=\"(max-width: 300px) 100vw, 300px\" \/><\/p>\n<h5 style=\"text-align: left;\">Do <strong><span style=\"color: #99cc00;\">LICEUM OG\u00d3LNOKSZTA\u0141C\u0104CEGO DLA DOROS\u0141YCH<\/span>\u00a0<\/strong>przyjmujemy osoby, kt\u00f3re uko\u0144czy\u0142y o\u015bmioletni\u0105 szko\u0142\u0119 podstawow\u0105, gimnazjum, zasadnicz\u0105 szko\u0142\u0119 zawodow\u0105 lub bran\u017cow\u0105 szko\u0142\u0119 I stopnia.\u00a0<\/h5>\n<h5 style=\"text-align: left;\">Do <span style=\"color: #99cc00;\"><strong>SZKO\u0141Y POLICEALNEJ<\/strong><\/span> przyjmujemy absolwent\u00f3w szk\u00f3\u0142 \u015brednich (lice\u00f3w lub technik\u00f3w).<\/h5>\n<h6>\u00a0<\/h6>\n<h5 style=\"text-align: left;\"><span style=\"text-decoration: underline;\"><strong>WYMAGANE DOKUMENTY<\/strong>:<\/span><\/h5>\n<ul>\n<li style=\"text-align: left;\">\n<h5>podanie o przyj\u0119cie do szko\u0142y (dost\u0119pne na miejscu w sekretariacie lub poni\u017cej do wydrukowania);<\/h5>\n<\/li>\n<li style=\"text-align: left;\">\n<h5>\u015bwiadectwo uko\u0144czenia szko\u0142y ni\u017cszego szczebla (w liceum r\u00f3wnie\u017c \u015bwiadectwo promocyjne z poprzedniej klasy) w oryginale;<\/h5>\n<\/li>\n<li>\n<h5 style=\"text-align: left;\">2 fotografie legitymacyjne;<\/h5>\n<\/li>\n<li style=\"text-align: left;\">\n<h5>za\u015bwiadczenie o braku przeciwwskaza\u0144 zdrowotnych do kszta\u0142cenia w okre\u015blonym zawodzie (dotyczy tylko szko\u0142y policealnej).<\/h5>\n<\/li>\n<\/ul>\n<h5>\u00a0<\/h5>\n<h4 style=\"text-align: left;\"><span style=\"color: #000000;\"><em>Zg\u0142o\u015b si\u0119 osobi\u015bcie do sekretariatu szko\u0142y z wymaganymi dokumentami<\/em><\/span><\/h4>\n<h4 style=\"text-align: center;\"><em><span style=\"color: #0000ff;\"><strong>CZEKAMY NA CIEBIE!<\/strong><\/span><\/em><\/h4>\n<p><\/p>\n<p><\/p>\n<p>\u00a0<\/p>\n<p><\/p>\n<p><\/p>\n<p><\/p>\t\t\t\t\t\t\t\t<\/div>\n\t\t\t\t<\/div>\n\t\t\t\t\t<\/div>\n\t\t<\/div>\n\t\t\t\t\t<\/div>\n\t\t<\/section>\n\t\t\t\t<\/div>\n\t\t","protected":false},"excerpt":{"rendered":"<p>ZAPISZ SI\u0118 DO NASZYCH SZK\u00d3\u0141 JU\u017b DZI\u015a! \u00a0 REKRUTACJA\u00a0trwa ca\u0142y rok.\u00a0Kandydat mo\u017ce rozpocz\u0105\u0107 nauk\u0119 zar\u00f3wno w SEMESTRZE JESIENNYM (trwa od wrze\u015bnia do stycznia), jak i w SEMESTRZE WIOSENNYM (trwa od lutego do czerwca). O przyj\u0119ciu do naszych szk\u00f3\u0142 decyduje kolejno\u015b\u0107 zg\u0142osze\u0144 oraz dostarczenie wymaganych dokument\u00f3w.Ponadto do liceum og\u00f3lnokszta\u0142c\u0105cego dla doros\u0142ych przyjmujemy osoby,kt\u00f3re najp\u00f3\u017aniej w dniu [&hellip;]<\/p>\n","protected":false},"author":1,"featured_media":0,"parent":0,"menu_order":0,"comment_status":"closed","ping_status":"closed","template":"page-templates\/pagebuilder.php","meta":{"zakra_sidebar_layout":"centered","zakra_remove_content_margin":false,"zakra_sidebar":"customizer","zakra_transparent_header":"customizer","zakra_logo":0,"zakra_main_header_style":"default","zakra_menu_item_color":"","zakra_menu_item_hover_color":"","zakra_menu_item_active_color":"","zakra_menu_active_style":"","zakra_page_header":true,"footnotes":""},"class_list":["post-764","page","type-page","status-publish","hentry"],"yoast_head":"<!-- This site is optimized with the Yoast SEO plugin v26.6 - https:\/\/yoast.com\/wordpress\/plugins\/seo\/ -->\n<title>Rekrutacja - Socho-Edukacja - szko\u0142y zaoczne<\/title>\n<meta name=\"robots\" content=\"index, follow, max-snippet:-1, max-image-preview:large, max-video-preview:-1\" \/>\n<link rel=\"canonical\" href=\"https:\/\/socho-edu.pl\/?page_id=764\" \/>\n<meta property=\"og:locale\" content=\"pl_PL\" \/>\n<meta property=\"og:type\" content=\"article\" \/>\n<meta property=\"og:title\" content=\"Rekrutacja - Socho-Edukacja - szko\u0142y zaoczne\" \/>\n<meta property=\"og:description\" content=\"ZAPISZ SI\u0118 DO NASZYCH SZK\u00d3\u0141 JU\u017b DZI\u015a! \u00a0 REKRUTACJA\u00a0trwa ca\u0142y rok.\u00a0Kandydat mo\u017ce rozpocz\u0105\u0107 nauk\u0119 zar\u00f3wno w SEMESTRZE JESIENNYM (trwa od wrze\u015bnia do stycznia), jak i w SEMESTRZE WIOSENNYM (trwa od lutego do czerwca). O przyj\u0119ciu do naszych szk\u00f3\u0142 decyduje kolejno\u015b\u0107 zg\u0142osze\u0144 oraz dostarczenie wymaganych dokument\u00f3w.Ponadto do liceum og\u00f3lnokszta\u0142c\u0105cego dla doros\u0142ych przyjmujemy osoby,kt\u00f3re najp\u00f3\u017aniej w dniu [&hellip;]\" \/>\n<meta property=\"og:url\" content=\"https:\/\/socho-edu.pl\/?page_id=764\" \/>\n<meta property=\"og:site_name\" content=\"Socho-Edukacja - szko\u0142y zaoczne\" \/>\n<meta property=\"article:modified_time\" content=\"2023-04-26T10:37:51+00:00\" \/>\n<meta property=\"og:image\" content=\"http:\/\/socho-edu.pl\/wp-content\/uploads\/2021\/12\/rekrutacja-300x180.jpg\" \/>\n<meta name=\"twitter:card\" content=\"summary_large_image\" \/>\n<meta name=\"twitter:label1\" content=\"Szacowany czas czytania\" \/>\n\t<meta name=\"twitter:data1\" content=\"2 minuty\" \/>\n<script type=\"application\/ld+json\" class=\"yoast-schema-graph\">{\"@context\":\"https:\/\/schema.org\",\"@graph\":[{\"@type\":\"WebPage\",\"@id\":\"https:\/\/socho-edu.pl\/?page_id=764\",\"url\":\"https:\/\/socho-edu.pl\/?page_id=764\",\"name\":\"Rekrutacja - Socho-Edukacja - szko\u0142y zaoczne\",\"isPartOf\":{\"@id\":\"https:\/\/socho-edu.pl\/#website\"},\"primaryImageOfPage\":{\"@id\":\"https:\/\/socho-edu.pl\/?page_id=764#primaryimage\"},\"image\":{\"@id\":\"https:\/\/socho-edu.pl\/?page_id=764#primaryimage\"},\"thumbnailUrl\":\"http:\/\/socho-edu.pl\/wp-content\/uploads\/2021\/12\/rekrutacja-300x180.jpg\",\"datePublished\":\"2021-03-21T14:49:25+00:00\",\"dateModified\":\"2023-04-26T10:37:51+00:00\",\"breadcrumb\":{\"@id\":\"https:\/\/socho-edu.pl\/?page_id=764#breadcrumb\"},\"inLanguage\":\"pl-PL\",\"potentialAction\":[{\"@type\":\"ReadAction\",\"target\":[\"https:\/\/socho-edu.pl\/?page_id=764\"]}]},{\"@type\":\"ImageObject\",\"inLanguage\":\"pl-PL\",\"@id\":\"https:\/\/socho-edu.pl\/?page_id=764#primaryimage\",\"url\":\"http:\/\/socho-edu.pl\/wp-content\/uploads\/2021\/12\/rekrutacja-300x180.jpg\",\"contentUrl\":\"http:\/\/socho-edu.pl\/wp-content\/uploads\/2021\/12\/rekrutacja-300x180.jpg\"},{\"@type\":\"BreadcrumbList\",\"@id\":\"https:\/\/socho-edu.pl\/?page_id=764#breadcrumb\",\"itemListElement\":[{\"@type\":\"ListItem\",\"position\":1,\"name\":\"Strona g\u0142\u00f3wna\",\"item\":\"https:\/\/socho-edu.pl\/\"},{\"@type\":\"ListItem\",\"position\":2,\"name\":\"Rekrutacja\"}]},{\"@type\":\"WebSite\",\"@id\":\"https:\/\/socho-edu.pl\/#website\",\"url\":\"https:\/\/socho-edu.pl\/\",\"name\":\"Socho-Edukacja - szko\u0142y zaoczne\",\"description\":\"\",\"potentialAction\":[{\"@type\":\"SearchAction\",\"target\":{\"@type\":\"EntryPoint\",\"urlTemplate\":\"https:\/\/socho-edu.pl\/?s={search_term_string}\"},\"query-input\":{\"@type\":\"PropertyValueSpecification\",\"valueRequired\":true,\"valueName\":\"search_term_string\"}}],\"inLanguage\":\"pl-PL\"}]}<\/script>\n<!-- \/ Yoast SEO plugin. -->","yoast_head_json":{"title":"Rekrutacja - Socho-Edukacja - szko\u0142y zaoczne","robots":{"index":"index","follow":"follow","max-snippet":"max-snippet:-1","max-image-preview":"max-image-preview:large","max-video-preview":"max-video-preview:-1"},"canonical":"https:\/\/socho-edu.pl\/?page_id=764","og_locale":"pl_PL","og_type":"article","og_title":"Rekrutacja - Socho-Edukacja - szko\u0142y zaoczne","og_description":"ZAPISZ SI\u0118 DO NASZYCH SZK\u00d3\u0141 JU\u017b DZI\u015a! \u00a0 REKRUTACJA\u00a0trwa ca\u0142y rok.\u00a0Kandydat mo\u017ce rozpocz\u0105\u0107 nauk\u0119 zar\u00f3wno w SEMESTRZE JESIENNYM (trwa od wrze\u015bnia do stycznia), jak i w SEMESTRZE WIOSENNYM (trwa od lutego do czerwca). O przyj\u0119ciu do naszych szk\u00f3\u0142 decyduje kolejno\u015b\u0107 zg\u0142osze\u0144 oraz dostarczenie wymaganych dokument\u00f3w.Ponadto do liceum og\u00f3lnokszta\u0142c\u0105cego dla doros\u0142ych przyjmujemy osoby,kt\u00f3re najp\u00f3\u017aniej w dniu [&hellip;]","og_url":"https:\/\/socho-edu.pl\/?page_id=764","og_site_name":"Socho-Edukacja - szko\u0142y zaoczne","article_modified_time":"2023-04-26T10:37:51+00:00","og_image":[{"url":"http:\/\/socho-edu.pl\/wp-content\/uploads\/2021\/12\/rekrutacja-300x180.jpg","type":"","width":"","height":""}],"twitter_card":"summary_large_image","twitter_misc":{"Szacowany czas czytania":"2 minuty"},"schema":{"@context":"https:\/\/schema.org","@graph":[{"@type":"WebPage","@id":"https:\/\/socho-edu.pl\/?page_id=764","url":"https:\/\/socho-edu.pl\/?page_id=764","name":"Rekrutacja - Socho-Edukacja - szko\u0142y zaoczne","isPartOf":{"@id":"https:\/\/socho-edu.pl\/#website"},"primaryImageOfPage":{"@id":"https:\/\/socho-edu.pl\/?page_id=764#primaryimage"},"image":{"@id":"https:\/\/socho-edu.pl\/?page_id=764#primaryimage"},"thumbnailUrl":"http:\/\/socho-edu.pl\/wp-content\/uploads\/2021\/12\/rekrutacja-300x180.jpg","datePublished":"2021-03-21T14:49:25+00:00","dateModified":"2023-04-26T10:37:51+00:00","breadcrumb":{"@id":"https:\/\/socho-edu.pl\/?page_id=764#breadcrumb"},"inLanguage":"pl-PL","potentialAction":[{"@type":"ReadAction","target":["https:\/\/socho-edu.pl\/?page_id=764"]}]},{"@type":"ImageObject","inLanguage":"pl-PL","@id":"https:\/\/socho-edu.pl\/?page_id=764#primaryimage","url":"http:\/\/socho-edu.pl\/wp-content\/uploads\/2021\/12\/rekrutacja-300x180.jpg","contentUrl":"http:\/\/socho-edu.pl\/wp-content\/uploads\/2021\/12\/rekrutacja-300x180.jpg"},{"@type":"BreadcrumbList","@id":"https:\/\/socho-edu.pl\/?page_id=764#breadcrumb","itemListElement":[{"@type":"ListItem","position":1,"name":"Strona g\u0142\u00f3wna","item":"https:\/\/socho-edu.pl\/"},{"@type":"ListItem","position":2,"name":"Rekrutacja"}]},{"@type":"WebSite","@id":"https:\/\/socho-edu.pl\/#website","url":"https:\/\/socho-edu.pl\/","name":"Socho-Edukacja - szko\u0142y zaoczne","description":"","potentialAction":[{"@type":"SearchAction","target":{"@type":"EntryPoint","urlTemplate":"https:\/\/socho-edu.pl\/?s={search_term_string}"},"query-input":{"@type":"PropertyValueSpecification","valueRequired":true,"valueName":"search_term_string"}}],"inLanguage":"pl-PL"}]}},"_links":{"self":[{"href":"https:\/\/socho-edu.pl\/index.php?rest_route=\/wp\/v2\/pages\/764","targetHints":{"allow":["GET"]}}],"collection":[{"href":"https:\/\/socho-edu.pl\/index.php?rest_route=\/wp\/v2\/pages"}],"about":[{"href":"https:\/\/socho-edu.pl\/index.php?rest_route=\/wp\/v2\/types\/page"}],"author":[{"embeddable":true,"href":"https:\/\/socho-edu.pl\/index.php?rest_route=\/wp\/v2\/users\/1"}],"replies":[{"embeddable":true,"href":"https:\/\/socho-edu.pl\/index.php?rest_route=%2Fwp%2Fv2%2Fcomments&post=764"}],"version-history":[{"count":5,"href":"https:\/\/socho-edu.pl\/index.php?rest_route=\/wp\/v2\/pages\/764\/revisions"}],"predecessor-version":[{"id":2460,"href":"https:\/\/socho-edu.pl\/index.php?rest_route=\/wp\/v2\/pages\/764\/revisions\/2460"}],"wp:attachment":[{"href":"https:\/\/socho-edu.pl\/index.php?rest_route=%2Fwp%2Fv2%2Fmedia&parent=764"}],"curies":[{"name":"wp","href":"https:\/\/api.w.org\/{rel}","templated":true}]}}