{"id":697,"date":"2021-02-08T21:32:56","date_gmt":"2021-02-08T20:32:56","guid":{"rendered":"http:\/\/szu-sochaczew.pl\/?page_id=697"},"modified":"2021-11-18T12:28:36","modified_gmt":"2021-11-18T11:28:36","slug":"rodo","status":"publish","type":"page","link":"https:\/\/socho-edu.pl\/?page_id=697","title":{"rendered":"RODO"},"content":{"rendered":"\t\t<div data-elementor-type=\"wp-page\" data-elementor-id=\"697\" class=\"elementor elementor-697\">\n\t\t\t\t\t\t<section class=\"elementor-section elementor-top-section elementor-element elementor-element-789d05a elementor-section-boxed elementor-section-height-default elementor-section-height-default\" data-id=\"789d05a\" data-element_type=\"section\">\n\t\t\t\t\t\t<div class=\"elementor-container elementor-column-gap-default\">\n\t\t\t\t\t<div class=\"elementor-column elementor-col-100 elementor-top-column elementor-element elementor-element-573cd676\" data-id=\"573cd676\" data-element_type=\"column\">\n\t\t\t<div class=\"elementor-widget-wrap elementor-element-populated\">\n\t\t\t\t\t\t<div class=\"elementor-element elementor-element-9b70ab0 elementor-widget elementor-widget-text-editor\" data-id=\"9b70ab0\" data-element_type=\"widget\" data-widget_type=\"text-editor.default\">\n\t\t\t\t<div class=\"elementor-widget-container\">\n\t\t\t\t\t\t\t\t\t\n<p><strong>Klauzula Informacyjna dot. przetwarzania danych osobowych w Szko\u0142ach Zaocznych &#8222;SOCHO-EDUKACJA&#8221;<\/strong><\/p>\n\n<p>Wype\u0142niaj\u0105c dyspozycj\u0119 art. 13 Rozporz\u0105dzenia Parlamentu Europejskiego i Rady (UE) 2016\/679 z dnia 27 kwietnia 2016 roku w sprawie ochrony os\u00f3b fizycznych w zwi\u0105zku z przetwarzaniem danych osobowych i w sprawie swobodnego przep\u0142ywu danych oraz uchylenia dyrektywy 95\/46\/WE (og\u00f3lne rozporz\u0105dzenie o ochronie danych zwane dalej RODO) informujemy, \u017ce przys\u0142uguj\u0105 Pa\u0144stwu okre\u015blone poni\u017cej prawa zwi\u0105zane z przetwarzaniem przez nasze szko\u0142y danych osobowych.<\/p>\n\n<p><strong>Administratorem danych osobowych s\u0105:<\/strong><\/p>\n\n<ol class=\"wp-block-list\" type=\"1\">\n<li>Szko\u0142y Zaoczne &#8222;SOCHO-EDUKACJA&#8221; reprezentowane przez dyrektor mgr Henryk\u0119 Miros\u0142aw\u0119 Adamczyk, tel. 604 973 368\u00a0 email: socho_eukacja@onet.pl<\/li>\n<li><strong>Cele i podstawy przetwarzania danych osobowych:<\/strong><\/li>\n<\/ol>\n\n<p>Pa\u0144stwa dane osobowe s\u0105 przetwarzane w celu:<\/p>\n\n<ol class=\"wp-block-list\" type=\"1\">\n<li>wype\u0142niania obowi\u0105zk\u00f3w prawnych ci\u0105\u017c\u0105cych na w\/w szkole w zwi\u0105zku<br \/>z prowadzeniem przez szko\u0142\u0119 zada\u0144 dydaktycznych, wychowawczych<br \/>i opieku\u0144czych, a wynikaj\u0105cych m.in. z ustawy z\u00a0dnia\u00a07\u00a0wrze\u015bnia 1991 r.<br \/>o systemie o\u015bwiaty (t.j. Dz. U. z 2017 r. poz. 2198 z p\u00f3\u017an. zm.) oraz ustawy z\u00a0dnia 14 grudnia 2016 r. \u2013 Prawo o\u015bwiatowe (podstawa prawna: art. 6 ust. 1 lit.<br \/>c Rozporz\u0105dzenia RODO);<\/li>\n<li>wewn\u0119trznych cel\u00f3w administracyjnych w\/w szko\u0142y, w tym statystyki<br \/>i raportowania wewn\u0119trznego szko\u0142y (podstawa prawna: art. 6 ust. 1 lit.<br \/>b Rozporz\u0105dzenia RODO);<\/li>\n<li>marketingu i promocji w\/w szko\u0142y, w tym prowadzenia konkurs\u00f3w, promocji osi\u0105gni\u0119\u0107 i utrwalania celem kszta\u0142towania pozytywnego wizerunku szko\u0142y (podstawa prawna: art. 6 ust. 1 lit. a Rozporz\u0105dzenia RODO).<\/li>\n<li><strong>Kategorie Pa\u0144stwa danych, kt\u00f3re przetwarzamy:<\/strong><\/li>\n<li>\u00a0\n<ol>\n<li>oznaczenie uczni\u00f3w, rodzic\u00f3w, petent\u00f3w pozwalaj\u0105ce na ustalenie jego to\u017csamo\u015bci:\n<ol>\n<li>nazwisko i imi\u0119 (imiona),<\/li>\n<\/ol>\n<ol>\n<li>dat\u0119 urodzenia,<\/li>\n<\/ol>\n<ol>\n<li>oznaczenie p\u0142ci,<\/li>\n<\/ol>\n<ol>\n<li>adres miejsca zamieszkania,<\/li>\n<\/ol>\n<ol>\n<li>numer PESEL,<\/li>\n<\/ol>\n<ol>\n<li>adres email,<\/li>\n<\/ol>\n<ol>\n<li>numer telefonu.<\/li>\n<\/ol>\n<\/li>\n<\/ol>\n<\/li>\n<li><strong>Przekazywanie danych do pa\u0144stw trzecich lub organizacji mi\u0119dzynarodowych:<\/strong><\/li>\n<\/ol>\n\n<p>Pa\u0144stwa dane nie b\u0119d\u0105 przekazywane poza teren Polski, Unii Europejskiej, Europejskiego Obszaru Gospodarczego.<\/p>\n\n<ul class=\"wp-block-list\">\n<li><strong>Okres przechowywania danych:<\/strong><\/li>\n<\/ul>\n\n<p>Pa\u0144stwa dane osobowe b\u0119d\u0105 przetwarzane przez okres:<\/p>\n\n<ol class=\"wp-block-list\" type=\"1\">\n<li>w zakresie wype\u0142niania obowi\u0105zk\u00f3w prawnych ci\u0105\u017c\u0105cych na szkole \u2013 przez okres do czasu ich wype\u0142nienia;<\/li>\n<li>w zakresie wewn\u0119trznych cel\u00f3w administracyjnych szko\u0142y \u2013 przez okres do czasu wype\u0142nienia prawnie uzasadnionych interes\u00f3w szko\u0142y stanowi\u0105cych podstaw\u0119 tego przetwarzania lub do czasu wniesienia przez Pani\u0105\/Pana sprzeciwu wobec takiego przetwarzania;<\/li>\n<li>w zakresie marketingu i promocji szko\u0142y \u2013 przez okres do czasu wycofania przez Pani\u0105\/Pana zgody na takie przetwarzanie.<\/li>\n<\/ol>\n\n<p>a nast\u0119pnie zniszczone lub archiwizowane zgodnie z obowi\u0105zuj\u0105cymi przepisami.<\/p>\n\n<ul class=\"wp-block-list\">\n<li><strong>Pa\u0144stwa prawa:<\/strong><\/li>\n<\/ul>\n\n<p>Ka\u017cda osoba, kt\u00f3rej dane s\u0105 przetwarzane ma prawo do: sprostowania\/uzupe\u0142nienia danych, usuni\u0119cia danych, bycia zapomnianym, do ograniczenia przetwarzania,<br \/>do przenoszenia danych, do sprzeciwu, do tego by nie podlega\u0107 profilowaniu, do cofni\u0119cia zgody na przetwarzanie swoich danych w dowolnym momencie.<\/p>\n\n<p>Dane zwyk\u0142e i szczeg\u00f3lnej kategorii przetwarzane s\u0105 z zapewnieniem poufno\u015bci, integralno\u015bci, dost\u0119pno\u015bci i odporno\u015bci system\u00f3w i us\u0142ug przetwarzania.<\/p>\n\n<p>\u201ePrzetwarzanie\u201d oznacza operacj\u0119 lub zestaw operacji wykonywanych na danych osobowych lub zestawach danych osobowych w spos\u00f3b zautomatyzowany lub niezautomatyzowany, tak\u0105 jak: zbieranie, utrwalanie, organizowanie, porz\u0105dkowanie, przechowywanie, adaptowanie lub modyfikowanie, pobieranie, przegl\u0105danie, wykorzystywanie, ujawnianie poprzez przes\u0142anie, rozpowszechnianie lub innego rodzaju udost\u0119pnianie, dopasowywanie lub \u0142\u0105czenie, ograniczanie, usuwanie lub niszczenie.<\/p>\n\n<p><strong>W przypadku planowania dalszego przetwarzania Pa\u0144stwa danych osobowych w celu innym ni\u017c cel, w kt\u00f3rym dane osobowe zosta\u0142y zebrane, przed takim dalszym przetwarzaniem zostan\u0105 Pa\u0144stwo poinformowani o tym innym celu wraz z informacjami okre\u015blonymi w art. 13 ust. 2 lit. a \u2013 f RODO.<\/strong><\/p>\n\t\t\t\t\t\t\t\t<\/div>\n\t\t\t\t<\/div>\n\t\t\t\t\t<\/div>\n\t\t<\/div>\n\t\t\t\t\t<\/div>\n\t\t<\/section>\n\t\t\t\t<\/div>\n\t\t","protected":false},"excerpt":{"rendered":"<p>Klauzula Informacyjna dot. przetwarzania danych osobowych w Szko\u0142ach Zaocznych &#8222;SOCHO-EDUKACJA&#8221; Wype\u0142niaj\u0105c dyspozycj\u0119 art. 13 Rozporz\u0105dzenia Parlamentu Europejskiego i Rady (UE) 2016\/679 z dnia 27 kwietnia 2016 roku w sprawie ochrony os\u00f3b fizycznych w zwi\u0105zku z przetwarzaniem danych osobowych i w sprawie swobodnego przep\u0142ywu danych oraz uchylenia dyrektywy 95\/46\/WE (og\u00f3lne rozporz\u0105dzenie o ochronie danych zwane dalej [&hellip;]<\/p>\n","protected":false},"author":1,"featured_media":0,"parent":0,"menu_order":0,"comment_status":"closed","ping_status":"closed","template":"page-templates\/pagebuilder.php","meta":{"zakra_sidebar_layout":"centered","zakra_remove_content_margin":false,"zakra_sidebar":"customizer","zakra_transparent_header":"customizer","zakra_logo":0,"zakra_main_header_style":"default","zakra_menu_item_color":"","zakra_menu_item_hover_color":"","zakra_menu_item_active_color":"","zakra_menu_active_style":"","zakra_page_header":true,"footnotes":""},"class_list":["post-697","page","type-page","status-publish","hentry"],"yoast_head":"<!-- This site is optimized with the Yoast SEO plugin v26.6 - https:\/\/yoast.com\/wordpress\/plugins\/seo\/ -->\n<title>RODO - Socho-Edukacja - szko\u0142y zaoczne<\/title>\n<meta name=\"robots\" content=\"index, follow, max-snippet:-1, max-image-preview:large, max-video-preview:-1\" \/>\n<link rel=\"canonical\" href=\"https:\/\/socho-edu.pl\/?page_id=697\" \/>\n<meta property=\"og:locale\" content=\"pl_PL\" \/>\n<meta property=\"og:type\" content=\"article\" \/>\n<meta property=\"og:title\" content=\"RODO - Socho-Edukacja - szko\u0142y zaoczne\" \/>\n<meta property=\"og:description\" content=\"Klauzula Informacyjna dot. przetwarzania danych osobowych w Szko\u0142ach Zaocznych &#8222;SOCHO-EDUKACJA&#8221; Wype\u0142niaj\u0105c dyspozycj\u0119 art. 13 Rozporz\u0105dzenia Parlamentu Europejskiego i Rady (UE) 2016\/679 z dnia 27 kwietnia 2016 roku w sprawie ochrony os\u00f3b fizycznych w zwi\u0105zku z przetwarzaniem danych osobowych i w sprawie swobodnego przep\u0142ywu danych oraz uchylenia dyrektywy 95\/46\/WE (og\u00f3lne rozporz\u0105dzenie o ochronie danych zwane dalej [&hellip;]\" \/>\n<meta property=\"og:url\" content=\"https:\/\/socho-edu.pl\/?page_id=697\" \/>\n<meta property=\"og:site_name\" content=\"Socho-Edukacja - szko\u0142y zaoczne\" \/>\n<meta property=\"article:modified_time\" content=\"2021-11-18T11:28:36+00:00\" \/>\n<meta name=\"twitter:card\" content=\"summary_large_image\" \/>\n<meta name=\"twitter:label1\" content=\"Szacowany czas czytania\" \/>\n\t<meta name=\"twitter:data1\" content=\"3 minuty\" \/>\n<script type=\"application\/ld+json\" class=\"yoast-schema-graph\">{\"@context\":\"https:\/\/schema.org\",\"@graph\":[{\"@type\":\"WebPage\",\"@id\":\"https:\/\/socho-edu.pl\/?page_id=697\",\"url\":\"https:\/\/socho-edu.pl\/?page_id=697\",\"name\":\"RODO - Socho-Edukacja - szko\u0142y zaoczne\",\"isPartOf\":{\"@id\":\"https:\/\/socho-edu.pl\/#website\"},\"datePublished\":\"2021-02-08T20:32:56+00:00\",\"dateModified\":\"2021-11-18T11:28:36+00:00\",\"breadcrumb\":{\"@id\":\"https:\/\/socho-edu.pl\/?page_id=697#breadcrumb\"},\"inLanguage\":\"pl-PL\",\"potentialAction\":[{\"@type\":\"ReadAction\",\"target\":[\"https:\/\/socho-edu.pl\/?page_id=697\"]}]},{\"@type\":\"BreadcrumbList\",\"@id\":\"https:\/\/socho-edu.pl\/?page_id=697#breadcrumb\",\"itemListElement\":[{\"@type\":\"ListItem\",\"position\":1,\"name\":\"Strona g\u0142\u00f3wna\",\"item\":\"https:\/\/socho-edu.pl\/\"},{\"@type\":\"ListItem\",\"position\":2,\"name\":\"RODO\"}]},{\"@type\":\"WebSite\",\"@id\":\"https:\/\/socho-edu.pl\/#website\",\"url\":\"https:\/\/socho-edu.pl\/\",\"name\":\"Socho-Edukacja - szko\u0142y zaoczne\",\"description\":\"\",\"potentialAction\":[{\"@type\":\"SearchAction\",\"target\":{\"@type\":\"EntryPoint\",\"urlTemplate\":\"https:\/\/socho-edu.pl\/?s={search_term_string}\"},\"query-input\":{\"@type\":\"PropertyValueSpecification\",\"valueRequired\":true,\"valueName\":\"search_term_string\"}}],\"inLanguage\":\"pl-PL\"}]}<\/script>\n<!-- \/ Yoast SEO plugin. -->","yoast_head_json":{"title":"RODO - Socho-Edukacja - szko\u0142y zaoczne","robots":{"index":"index","follow":"follow","max-snippet":"max-snippet:-1","max-image-preview":"max-image-preview:large","max-video-preview":"max-video-preview:-1"},"canonical":"https:\/\/socho-edu.pl\/?page_id=697","og_locale":"pl_PL","og_type":"article","og_title":"RODO - Socho-Edukacja - szko\u0142y zaoczne","og_description":"Klauzula Informacyjna dot. przetwarzania danych osobowych w Szko\u0142ach Zaocznych &#8222;SOCHO-EDUKACJA&#8221; Wype\u0142niaj\u0105c dyspozycj\u0119 art. 13 Rozporz\u0105dzenia Parlamentu Europejskiego i Rady (UE) 2016\/679 z dnia 27 kwietnia 2016 roku w sprawie ochrony os\u00f3b fizycznych w zwi\u0105zku z przetwarzaniem danych osobowych i w sprawie swobodnego przep\u0142ywu danych oraz uchylenia dyrektywy 95\/46\/WE (og\u00f3lne rozporz\u0105dzenie o ochronie danych zwane dalej [&hellip;]","og_url":"https:\/\/socho-edu.pl\/?page_id=697","og_site_name":"Socho-Edukacja - szko\u0142y zaoczne","article_modified_time":"2021-11-18T11:28:36+00:00","twitter_card":"summary_large_image","twitter_misc":{"Szacowany czas czytania":"3 minuty"},"schema":{"@context":"https:\/\/schema.org","@graph":[{"@type":"WebPage","@id":"https:\/\/socho-edu.pl\/?page_id=697","url":"https:\/\/socho-edu.pl\/?page_id=697","name":"RODO - Socho-Edukacja - szko\u0142y zaoczne","isPartOf":{"@id":"https:\/\/socho-edu.pl\/#website"},"datePublished":"2021-02-08T20:32:56+00:00","dateModified":"2021-11-18T11:28:36+00:00","breadcrumb":{"@id":"https:\/\/socho-edu.pl\/?page_id=697#breadcrumb"},"inLanguage":"pl-PL","potentialAction":[{"@type":"ReadAction","target":["https:\/\/socho-edu.pl\/?page_id=697"]}]},{"@type":"BreadcrumbList","@id":"https:\/\/socho-edu.pl\/?page_id=697#breadcrumb","itemListElement":[{"@type":"ListItem","position":1,"name":"Strona g\u0142\u00f3wna","item":"https:\/\/socho-edu.pl\/"},{"@type":"ListItem","position":2,"name":"RODO"}]},{"@type":"WebSite","@id":"https:\/\/socho-edu.pl\/#website","url":"https:\/\/socho-edu.pl\/","name":"Socho-Edukacja - szko\u0142y zaoczne","description":"","potentialAction":[{"@type":"SearchAction","target":{"@type":"EntryPoint","urlTemplate":"https:\/\/socho-edu.pl\/?s={search_term_string}"},"query-input":{"@type":"PropertyValueSpecification","valueRequired":true,"valueName":"search_term_string"}}],"inLanguage":"pl-PL"}]}},"_links":{"self":[{"href":"https:\/\/socho-edu.pl\/index.php?rest_route=\/wp\/v2\/pages\/697","targetHints":{"allow":["GET"]}}],"collection":[{"href":"https:\/\/socho-edu.pl\/index.php?rest_route=\/wp\/v2\/pages"}],"about":[{"href":"https:\/\/socho-edu.pl\/index.php?rest_route=\/wp\/v2\/types\/page"}],"author":[{"embeddable":true,"href":"https:\/\/socho-edu.pl\/index.php?rest_route=\/wp\/v2\/users\/1"}],"replies":[{"embeddable":true,"href":"https:\/\/socho-edu.pl\/index.php?rest_route=%2Fwp%2Fv2%2Fcomments&post=697"}],"version-history":[{"count":5,"href":"https:\/\/socho-edu.pl\/index.php?rest_route=\/wp\/v2\/pages\/697\/revisions"}],"predecessor-version":[{"id":1817,"href":"https:\/\/socho-edu.pl\/index.php?rest_route=\/wp\/v2\/pages\/697\/revisions\/1817"}],"wp:attachment":[{"href":"https:\/\/socho-edu.pl\/index.php?rest_route=%2Fwp%2Fv2%2Fmedia&parent=697"}],"curies":[{"name":"wp","href":"https:\/\/api.w.org\/{rel}","templated":true}]}}