{"id":1918,"date":"2021-11-25T10:43:28","date_gmt":"2021-11-25T09:43:28","guid":{"rendered":"https:\/\/socho-edu.pl\/?page_id=1918"},"modified":"2023-04-26T12:35:50","modified_gmt":"2023-04-26T10:35:50","slug":"egzamin-zawodowy","status":"publish","type":"page","link":"https:\/\/socho-edu.pl\/?page_id=1918","title":{"rendered":"EGZAMIN ZAWODOWY"},"content":{"rendered":"\t\t<div data-elementor-type=\"wp-page\" data-elementor-id=\"1918\" class=\"elementor elementor-1918\">\n\t\t\t\t\t\t<section class=\"elementor-section elementor-top-section elementor-element elementor-element-635bcadc elementor-section-boxed elementor-section-height-default elementor-section-height-default\" data-id=\"635bcadc\" data-element_type=\"section\">\n\t\t\t\t\t\t<div class=\"elementor-container elementor-column-gap-default\">\n\t\t\t\t\t<div class=\"elementor-column elementor-col-100 elementor-top-column elementor-element elementor-element-288c2492\" data-id=\"288c2492\" data-element_type=\"column\">\n\t\t\t<div class=\"elementor-widget-wrap elementor-element-populated\">\n\t\t\t\t\t\t<div class=\"elementor-element elementor-element-746334d7 elementor-widget__width-initial elementor-widget elementor-widget-text-editor\" data-id=\"746334d7\" data-element_type=\"widget\" data-widget_type=\"text-editor.default\">\n\t\t\t\t<div class=\"elementor-widget-container\">\n\t\t\t\t\t\t\t\t\t<p><span style=\"color: #0000ff;\"><strong><em>EGZAMIN ZAWODOWY<\/em><\/strong><\/span> jest \u200eform\u0105 oceny poziomu opanowania \u200eprzez s\u0142uchaczy szko\u0142y policealnej wiadomo\u015bci i umiej\u0119tno\u015bci z zakresu \u200ejednej kwalifikacji wyodr\u0119bnionej w danym \u200ezawodzie. Egzamin zawodowy jest przeprowadzany na podstawie wymaga\u0144 okre\u015blonych w podstawie\u00a0programowej kszta\u0142cenia w zawodzie szkolnictwa bran\u017cowego.<\/p><p>S\u0142uchacz szko\u0142y policealnej ma <strong>obowi\u0105zek przyst\u0105pienia do egzaminu zawodowego<\/strong> odpowiednio w\u00a0danym roku szkolnym lub danym semestrze.<\/p><p>Egzamin zawodowy sk\u0142ada si\u0119 z <strong>cz\u0119\u015bci pisemnej i cz\u0119\u015bci praktycznej.<\/strong><\/p><p><strong>Cz\u0119\u015b\u0107 pisemna<\/strong> jest przeprowadzana w formie testu pisemnego z wykorzystaniem elektronicznego systemu przeprowadzania egzaminu zawodowego \u2013 tj. przy komputerze. Cz\u0119\u015b\u0107 pisemna trwa 60 minut i przeprowadzana jest w\u00a0formie testu sk\u0142adaj\u0105cego si\u0119 z 40 zada\u0144 zamkni\u0119tych zawieraj\u0105cych cztery odpowiedzi do wyboru, z kt\u00f3rych tylko jedna odpowied\u017a jest prawid\u0142owa.<\/p><p><strong>Cz\u0119\u015b\u0107 praktyczna<\/strong> jest \u200e\u200eprzeprowadzana w formie testu praktycznego, polegaj\u0105cego na wykonaniu przez zdaj\u0105cego \u200e\u200ezadania egzaminacyjnego zawartego w arkuszu egzaminacyjnym na stanowisku \u200e\u200eegzaminacyjnym.<\/p><p><strong>Przyst\u0105pienie do obu cz\u0119\u015bci egzaminu zawodowego jest warunkiem uko\u0144czenia szko\u0142y policealnej. <\/strong><\/p><p>S\u0142uchacze lub absolwenci w roku szkolnym 2022\/2023 sk\u0142adaj\u0105 dyrektorowi szko\u0142y <strong>deklaracje <\/strong>przyst\u0105pienia do egzaminu zawodowego nie p\u00f3\u017aniej ni\u017c do :<\/p><p>a) <strong>dnia 15 wrze\u015bnia 2022 r.<\/strong>\u2013 je\u017celi przyst\u0119puj\u0105 do egzaminu zawodowego w styczniu 2023 r.<\/p><p>b) <strong>dnia 7 lutego 2023 r. \u2013<\/strong> je\u017celi przyst\u0119puj\u0105 do egzaminu zawodowego w czerwcu 2023 r.<\/p><p>Aby zda\u0107 egzamin zawodowy, nale\u017cy uzyska\u0107:\u200e<\/p><ul><li>\u200ez cz\u0119\u015bci pisemnej \u2013 co najmniej 50% punkt\u00f3w mo\u017cliwych do uzyskania (czyli minimum \u200e\u200e20 punkt\u00f3w), oraz\u200e \u200e<\/li><li>z cz\u0119\u015bci praktycznej \u2013 co najmniej 75% punkt\u00f3w mo\u017cliwych do uzyskania. \u200e<\/li><\/ul><p>Wynik egzaminu zawodowego ustala i przekazuje komisja okr\u0119gowa.<\/p><p>Zdaj\u0105cy, kt\u00f3ry zda\u0142 egzamin zawodowy w danym zawodzie, otrzymuje \u200e\u200e<strong>certyfikat kwalifikacji<\/strong> <strong>zawodowej<\/strong> oraz <strong>dyplom zawodowy.<\/strong><\/p>\t\t\t\t\t\t\t\t<\/div>\n\t\t\t\t<\/div>\n\t\t\t\t\t<\/div>\n\t\t<\/div>\n\t\t\t\t\t<\/div>\n\t\t<\/section>\n\t\t\t\t<section class=\"elementor-section elementor-top-section elementor-element elementor-element-545d4e9 elementor-section-boxed elementor-section-height-default elementor-section-height-default\" data-id=\"545d4e9\" data-element_type=\"section\">\n\t\t\t\t\t\t<div class=\"elementor-container elementor-column-gap-default\">\n\t\t\t\t\t<div class=\"elementor-column elementor-col-100 elementor-top-column elementor-element elementor-element-2d8e203\" data-id=\"2d8e203\" data-element_type=\"column\">\n\t\t\t<div class=\"elementor-widget-wrap elementor-element-populated\">\n\t\t\t\t\t\t\t<\/div>\n\t\t<\/div>\n\t\t\t\t\t<\/div>\n\t\t<\/section>\n\t\t\t\t<\/div>\n\t\t","protected":false},"excerpt":{"rendered":"<p>EGZAMIN ZAWODOWY jest \u200eform\u0105 oceny poziomu opanowania \u200eprzez s\u0142uchaczy szko\u0142y policealnej wiadomo\u015bci i umiej\u0119tno\u015bci z zakresu \u200ejednej kwalifikacji wyodr\u0119bnionej w danym \u200ezawodzie. Egzamin zawodowy jest przeprowadzany na podstawie wymaga\u0144 okre\u015blonych w podstawie\u00a0programowej kszta\u0142cenia w zawodzie szkolnictwa bran\u017cowego. S\u0142uchacz szko\u0142y policealnej ma obowi\u0105zek przyst\u0105pienia do egzaminu zawodowego odpowiednio w\u00a0danym roku szkolnym lub danym semestrze. Egzamin zawodowy [&hellip;]<\/p>\n","protected":false},"author":1,"featured_media":0,"parent":0,"menu_order":0,"comment_status":"closed","ping_status":"closed","template":"page-templates\/pagebuilder.php","meta":{"zakra_sidebar_layout":"centered","zakra_remove_content_margin":false,"zakra_sidebar":"customizer","zakra_transparent_header":"customizer","zakra_logo":0,"zakra_main_header_style":"default","zakra_menu_item_color":"","zakra_menu_item_hover_color":"","zakra_menu_item_active_color":"","zakra_menu_active_style":"","zakra_page_header":true,"footnotes":""},"class_list":["post-1918","page","type-page","status-publish","hentry"],"yoast_head":"<!-- This site is optimized with the Yoast SEO plugin v26.6 - https:\/\/yoast.com\/wordpress\/plugins\/seo\/ -->\n<title>EGZAMIN ZAWODOWY - Socho-Edukacja - szko\u0142y zaoczne<\/title>\n<meta name=\"robots\" content=\"index, follow, max-snippet:-1, max-image-preview:large, max-video-preview:-1\" \/>\n<link rel=\"canonical\" href=\"https:\/\/socho-edu.pl\/?page_id=1918\" \/>\n<meta property=\"og:locale\" content=\"pl_PL\" \/>\n<meta property=\"og:type\" content=\"article\" \/>\n<meta property=\"og:title\" content=\"EGZAMIN ZAWODOWY - Socho-Edukacja - szko\u0142y zaoczne\" \/>\n<meta property=\"og:description\" content=\"EGZAMIN ZAWODOWY jest \u200eform\u0105 oceny poziomu opanowania \u200eprzez s\u0142uchaczy szko\u0142y policealnej wiadomo\u015bci i umiej\u0119tno\u015bci z zakresu \u200ejednej kwalifikacji wyodr\u0119bnionej w danym \u200ezawodzie. Egzamin zawodowy jest przeprowadzany na podstawie wymaga\u0144 okre\u015blonych w podstawie\u00a0programowej kszta\u0142cenia w zawodzie szkolnictwa bran\u017cowego. S\u0142uchacz szko\u0142y policealnej ma obowi\u0105zek przyst\u0105pienia do egzaminu zawodowego odpowiednio w\u00a0danym roku szkolnym lub danym semestrze. Egzamin zawodowy [&hellip;]\" \/>\n<meta property=\"og:url\" content=\"https:\/\/socho-edu.pl\/?page_id=1918\" \/>\n<meta property=\"og:site_name\" content=\"Socho-Edukacja - szko\u0142y zaoczne\" \/>\n<meta property=\"article:modified_time\" content=\"2023-04-26T10:35:50+00:00\" \/>\n<meta name=\"twitter:card\" content=\"summary_large_image\" \/>\n<meta name=\"twitter:label1\" content=\"Szacowany czas czytania\" \/>\n\t<meta name=\"twitter:data1\" content=\"2 minuty\" \/>\n<script type=\"application\/ld+json\" class=\"yoast-schema-graph\">{\"@context\":\"https:\/\/schema.org\",\"@graph\":[{\"@type\":\"WebPage\",\"@id\":\"https:\/\/socho-edu.pl\/?page_id=1918\",\"url\":\"https:\/\/socho-edu.pl\/?page_id=1918\",\"name\":\"EGZAMIN ZAWODOWY - Socho-Edukacja - szko\u0142y zaoczne\",\"isPartOf\":{\"@id\":\"https:\/\/socho-edu.pl\/#website\"},\"datePublished\":\"2021-11-25T09:43:28+00:00\",\"dateModified\":\"2023-04-26T10:35:50+00:00\",\"breadcrumb\":{\"@id\":\"https:\/\/socho-edu.pl\/?page_id=1918#breadcrumb\"},\"inLanguage\":\"pl-PL\",\"potentialAction\":[{\"@type\":\"ReadAction\",\"target\":[\"https:\/\/socho-edu.pl\/?page_id=1918\"]}]},{\"@type\":\"BreadcrumbList\",\"@id\":\"https:\/\/socho-edu.pl\/?page_id=1918#breadcrumb\",\"itemListElement\":[{\"@type\":\"ListItem\",\"position\":1,\"name\":\"Strona g\u0142\u00f3wna\",\"item\":\"https:\/\/socho-edu.pl\/\"},{\"@type\":\"ListItem\",\"position\":2,\"name\":\"EGZAMIN ZAWODOWY\"}]},{\"@type\":\"WebSite\",\"@id\":\"https:\/\/socho-edu.pl\/#website\",\"url\":\"https:\/\/socho-edu.pl\/\",\"name\":\"Socho-Edukacja - szko\u0142y zaoczne\",\"description\":\"\",\"potentialAction\":[{\"@type\":\"SearchAction\",\"target\":{\"@type\":\"EntryPoint\",\"urlTemplate\":\"https:\/\/socho-edu.pl\/?s={search_term_string}\"},\"query-input\":{\"@type\":\"PropertyValueSpecification\",\"valueRequired\":true,\"valueName\":\"search_term_string\"}}],\"inLanguage\":\"pl-PL\"}]}<\/script>\n<!-- \/ Yoast SEO plugin. -->","yoast_head_json":{"title":"EGZAMIN ZAWODOWY - Socho-Edukacja - szko\u0142y zaoczne","robots":{"index":"index","follow":"follow","max-snippet":"max-snippet:-1","max-image-preview":"max-image-preview:large","max-video-preview":"max-video-preview:-1"},"canonical":"https:\/\/socho-edu.pl\/?page_id=1918","og_locale":"pl_PL","og_type":"article","og_title":"EGZAMIN ZAWODOWY - Socho-Edukacja - szko\u0142y zaoczne","og_description":"EGZAMIN ZAWODOWY jest \u200eform\u0105 oceny poziomu opanowania \u200eprzez s\u0142uchaczy szko\u0142y policealnej wiadomo\u015bci i umiej\u0119tno\u015bci z zakresu \u200ejednej kwalifikacji wyodr\u0119bnionej w danym \u200ezawodzie. Egzamin zawodowy jest przeprowadzany na podstawie wymaga\u0144 okre\u015blonych w podstawie\u00a0programowej kszta\u0142cenia w zawodzie szkolnictwa bran\u017cowego. S\u0142uchacz szko\u0142y policealnej ma obowi\u0105zek przyst\u0105pienia do egzaminu zawodowego odpowiednio w\u00a0danym roku szkolnym lub danym semestrze. Egzamin zawodowy [&hellip;]","og_url":"https:\/\/socho-edu.pl\/?page_id=1918","og_site_name":"Socho-Edukacja - szko\u0142y zaoczne","article_modified_time":"2023-04-26T10:35:50+00:00","twitter_card":"summary_large_image","twitter_misc":{"Szacowany czas czytania":"2 minuty"},"schema":{"@context":"https:\/\/schema.org","@graph":[{"@type":"WebPage","@id":"https:\/\/socho-edu.pl\/?page_id=1918","url":"https:\/\/socho-edu.pl\/?page_id=1918","name":"EGZAMIN ZAWODOWY - Socho-Edukacja - szko\u0142y zaoczne","isPartOf":{"@id":"https:\/\/socho-edu.pl\/#website"},"datePublished":"2021-11-25T09:43:28+00:00","dateModified":"2023-04-26T10:35:50+00:00","breadcrumb":{"@id":"https:\/\/socho-edu.pl\/?page_id=1918#breadcrumb"},"inLanguage":"pl-PL","potentialAction":[{"@type":"ReadAction","target":["https:\/\/socho-edu.pl\/?page_id=1918"]}]},{"@type":"BreadcrumbList","@id":"https:\/\/socho-edu.pl\/?page_id=1918#breadcrumb","itemListElement":[{"@type":"ListItem","position":1,"name":"Strona g\u0142\u00f3wna","item":"https:\/\/socho-edu.pl\/"},{"@type":"ListItem","position":2,"name":"EGZAMIN ZAWODOWY"}]},{"@type":"WebSite","@id":"https:\/\/socho-edu.pl\/#website","url":"https:\/\/socho-edu.pl\/","name":"Socho-Edukacja - szko\u0142y zaoczne","description":"","potentialAction":[{"@type":"SearchAction","target":{"@type":"EntryPoint","urlTemplate":"https:\/\/socho-edu.pl\/?s={search_term_string}"},"query-input":{"@type":"PropertyValueSpecification","valueRequired":true,"valueName":"search_term_string"}}],"inLanguage":"pl-PL"}]}},"_links":{"self":[{"href":"https:\/\/socho-edu.pl\/index.php?rest_route=\/wp\/v2\/pages\/1918","targetHints":{"allow":["GET"]}}],"collection":[{"href":"https:\/\/socho-edu.pl\/index.php?rest_route=\/wp\/v2\/pages"}],"about":[{"href":"https:\/\/socho-edu.pl\/index.php?rest_route=\/wp\/v2\/types\/page"}],"author":[{"embeddable":true,"href":"https:\/\/socho-edu.pl\/index.php?rest_route=\/wp\/v2\/users\/1"}],"replies":[{"embeddable":true,"href":"https:\/\/socho-edu.pl\/index.php?rest_route=%2Fwp%2Fv2%2Fcomments&post=1918"}],"version-history":[{"count":5,"href":"https:\/\/socho-edu.pl\/index.php?rest_route=\/wp\/v2\/pages\/1918\/revisions"}],"predecessor-version":[{"id":2457,"href":"https:\/\/socho-edu.pl\/index.php?rest_route=\/wp\/v2\/pages\/1918\/revisions\/2457"}],"wp:attachment":[{"href":"https:\/\/socho-edu.pl\/index.php?rest_route=%2Fwp%2Fv2%2Fmedia&parent=1918"}],"curies":[{"name":"wp","href":"https:\/\/api.w.org\/{rel}","templated":true}]}}