{"id":1909,"date":"2021-11-25T10:33:02","date_gmt":"2021-11-25T09:33:02","guid":{"rendered":"https:\/\/socho-edu.pl\/?page_id=1909"},"modified":"2021-12-08T12:14:02","modified_gmt":"2021-12-08T11:14:02","slug":"szkola-policealna","status":"publish","type":"page","link":"https:\/\/socho-edu.pl\/?page_id=1909","title":{"rendered":"Szko\u0142a policealna"},"content":{"rendered":"\t\t<div data-elementor-type=\"wp-page\" data-elementor-id=\"1909\" class=\"elementor elementor-1909\">\n\t\t\t\t\t\t<section class=\"elementor-section elementor-top-section elementor-element elementor-element-ea56571 elementor-section-boxed elementor-section-height-default elementor-section-height-default\" data-id=\"ea56571\" data-element_type=\"section\">\n\t\t\t\t\t\t<div class=\"elementor-container elementor-column-gap-default\">\n\t\t\t\t\t<div class=\"elementor-column elementor-col-100 elementor-top-column elementor-element elementor-element-c56f5e4\" data-id=\"c56f5e4\" data-element_type=\"column\">\n\t\t\t<div class=\"elementor-widget-wrap elementor-element-populated\">\n\t\t\t\t\t\t<div class=\"elementor-element elementor-element-66ea649 elementor-widget elementor-widget-text-editor\" data-id=\"66ea649\" data-element_type=\"widget\" data-widget_type=\"text-editor.default\">\n\t\t\t\t<div class=\"elementor-widget-container\">\n\t\t\t\t\t\t\t\t\t<h4><span style=\"color: #000000;\"><em>SZKO\u0141A POLICEALNA &#8211; zdob\u0105d\u017a zaw\u00f3d w kr\u00f3tkim czasie!<\/em><\/span><\/h4>\n<h6>Po uko\u0144czeniu szko\u0142y \u015bredniej mo\u017cna od razu poszuka\u0107 pracy, ale wiele os\u00f3b pragnie r\u00f3wnie\u017c kontynuowa\u0107 nauk\u0119.\u00a0<br \/>Dobrym wyborem mo\u017ce by\u0107 wtedy <em><strong>szko\u0142a policealna<\/strong><\/em>, w kt\u00f3rej w rok lub w dwa lata, w zale\u017cno\u015bci od wybranego kierunku, zdob\u0119dziesz praktyczn\u0105 wiedz\u0119 i po\u017c\u0105dany na rynku zaw\u00f3d.<\/h6>\n<h6>W naszej <strong><em>SZKOLE POLICEALNEJ <\/em><\/strong>kszta\u0142cimy ju\u017c od 2000 roku.<br \/>Posiadamy do\u015bwiadczenie w kszta\u0142ceniu na r\u00f3\u017cnych kierunkach. Nasz\u0105 szko\u0142\u0119 uko\u0144czy\u0142y ju\u017c setki absolwent\u00f3w. Mamy uprawnienia szko\u0142y publicznej.\u00a0<br \/>Do szko\u0142y policealnej przyjmowani s\u0105 <strong>absolwenci szk\u00f3\u0142 \u015brednich<\/strong> (lice\u00f3w i technik\u00f3w) \u2013 przy czym <strong>NIE JEST WYMAGANA MATURA<\/strong>.\u00a0<\/h6>\n<h6>Nauka ko\u0144czy si\u0119 <strong>egzaminem zawodowym<\/strong>. S\u0142uchacz po zdaniu egzaminu uzyskuje certyfikat kwalifikacji zawodowych oraz dyplom zawodowy .<\/h6>\n<h6>Aktualnie kszta\u0142cimy na kierunkach: <span style=\"color: #000000;\"><strong>Technik administracji <\/strong>i <strong>Technik BHP<\/strong><\/span><\/h6>\t\t\t\t\t\t\t\t<\/div>\n\t\t\t\t<\/div>\n\t\t\t\t\t<\/div>\n\t\t<\/div>\n\t\t\t\t\t<\/div>\n\t\t<\/section>\n\t\t\t\t<section class=\"elementor-section elementor-top-section elementor-element elementor-element-2f733390 elementor-section-boxed elementor-section-height-default elementor-section-height-default\" data-id=\"2f733390\" data-element_type=\"section\">\n\t\t\t\t\t\t<div class=\"elementor-container elementor-column-gap-default\">\n\t\t\t\t\t<div class=\"elementor-column elementor-col-100 elementor-top-column elementor-element elementor-element-57255615\" data-id=\"57255615\" data-element_type=\"column\">\n\t\t\t<div class=\"elementor-widget-wrap elementor-element-populated\">\n\t\t\t\t\t\t<div class=\"elementor-element elementor-element-79550434 elementor-widget elementor-widget-text-editor\" data-id=\"79550434\" data-element_type=\"widget\" data-widget_type=\"text-editor.default\">\n\t\t\t\t<div class=\"elementor-widget-container\">\n\t\t\t\t\t\t\t\t\t\n<h3 style=\"text-align: center;\"><span style=\"color: #99cc00;\"><strong>TECHNIK ADMINISTRACJI<\/strong><\/span><\/h3>\n<p><img fetchpriority=\"high\" decoding=\"async\" class=\"size-medium wp-image-1486 aligncenter\" src=\"https:\/\/socho-edu.pl\/wp-content\/uploads\/2021\/07\/kobieta-w-administracji-300x212.jpg\" alt=\"\" width=\"300\" height=\"212\" srcset=\"https:\/\/socho-edu.pl\/wp-content\/uploads\/2021\/07\/kobieta-w-administracji-300x212.jpg 300w, https:\/\/socho-edu.pl\/wp-content\/uploads\/2021\/07\/kobieta-w-administracji-1024x724.jpg 1024w, https:\/\/socho-edu.pl\/wp-content\/uploads\/2021\/07\/kobieta-w-administracji-768x543.jpg 768w, https:\/\/socho-edu.pl\/wp-content\/uploads\/2021\/07\/kobieta-w-administracji-1536x1086.jpg 1536w, https:\/\/socho-edu.pl\/wp-content\/uploads\/2021\/07\/kobieta-w-administracji.jpg 1920w\" sizes=\"(max-width: 300px) 100vw, 300px\" \/><\/p>\n<h6><strong>Czas nauki:<\/strong> 2 lata (4 semestry)<br \/><strong>Tryb nauczania<\/strong>: zaoczny (zaj\u0119cia w soboty i niedziele co dwa tygodnie)<\/h6>\n<h6 style=\"text-align: left;\">To zaw\u00f3d dla os\u00f3b zainteresowanych prac\u0105 biurow\u0105 zar\u00f3wno w sektorze pa\u0144stwowym, jak r\u00f3wnie\u017c prywatnym.<\/h6>\n<h6 style=\"text-align: left;\">Technik administracji zajmuje si\u0119 kwestiami zwi\u0105zanymi ze sporz\u0105dzaniem oraz obiegiem dokument\u00f3w w urz\u0119dzie lub przedsi\u0119biorstwie, prowadzeniem post\u0119powa\u0144 administracyjnych oraz obs\u0142ug\u0105 interesant\u00f3w. Mo\u017ce tak\u017ce zarz\u0105dza\u0107 niewielkim zespo\u0142em, organizowa\u0107 prac\u0119 biura.<\/h6>\n<p>\u00a0<\/p>\n<p>\u00a0<\/p>\n<h3>\u00a0<\/h3>\n<h3>\u00a0<\/h3>\n<h3>\u00a0<\/h3>\n<h3>\u00a0<\/h3>\n<h3>\u00a0<\/h3>\n<h3 style=\"text-align: center;\"><span style=\"color: #3366ff;\"><strong>TECHNIK BEZPIECZE\u0143STWA <br \/><\/strong><strong>I HIGIENY PRACY<\/strong><\/span><\/h3>\n<p><img decoding=\"async\" class=\"wp-image-2076 aligncenter lazyload\" data-src=\"https:\/\/socho-edu.pl\/wp-content\/uploads\/2021\/11\/BEHAPOWCY-zreklamy-300x200.jpg\" alt=\"\" width=\"256\" height=\"171\" data-srcset=\"https:\/\/socho-edu.pl\/wp-content\/uploads\/2021\/11\/BEHAPOWCY-zreklamy-300x200.jpg 300w, https:\/\/socho-edu.pl\/wp-content\/uploads\/2021\/11\/BEHAPOWCY-zreklamy.jpg 424w\" data-sizes=\"(max-width: 256px) 100vw, 256px\" src=\"data:image\/svg+xml;base64,PHN2ZyB3aWR0aD0iMSIgaGVpZ2h0PSIxIiB4bWxucz0iaHR0cDovL3d3dy53My5vcmcvMjAwMC9zdmciPjwvc3ZnPg==\" style=\"--smush-placeholder-width: 256px; --smush-placeholder-aspect-ratio: 256\/171;\" \/><\/p>\n<h6><b>Czas nauki: 1,5 roku <\/b>(3 semestry)<br \/><b>Tryb nauczania: <\/b>zaoczny (zaj\u0119cia w soboty i niedziele co dwa tygodnie)<\/h6>\n<h6>Technik BHP nadzoruje przestrzeganie przez pracownik\u00f3w zasad BHP, prowadzi szkolenia,\u00a0 prowadzi rejestr wypadk\u00f3w w zak\u0142adzie pracy, ustala ich przyczyny. Sprawdza, czy stan danego obiektu jest zgodny z obowi\u0105zuj\u0105cymi normami bezpiecze\u0144stwa.<\/h6>\n<h6>Absolwenci po uko\u0144czeniu kierunku\u00a0 BHP mog\u0105 by\u0107 zatrudnieni we wszystkich przedsi\u0119biorstwach, instytucjach i zak\u0142adach pracy, w kt\u00f3rych wymagany jest nadz\u00f3r warunk\u00f3w bezpiecze\u0144stwa i higieny. Maj\u0105 pe\u0142ne prawo prowadzenia szkole\u0144 wst\u0119pnych, w ramach kt\u00f3rych przygotowuj\u0105 pracownik\u00f3w do bezpiecznego wykonywania pracy.\u00a0<\/h6>\n<p>\u00a0<\/p>\n\n<p class=\"has-text-align-center has-medium-font-size\">\u00a0<\/p>\n\n<p>\u00a0<\/p>\n\n<p>\u00a0<\/p>\n\n<p>\u00a0<\/p>\n\n<p>\u00a0<\/p>\n\t\t\t\t\t\t\t\t<\/div>\n\t\t\t\t<\/div>\n\t\t\t\t\t<\/div>\n\t\t<\/div>\n\t\t\t\t\t<\/div>\n\t\t<\/section>\n\t\t\t\t<\/div>\n\t\t","protected":false},"excerpt":{"rendered":"<p>SZKO\u0141A POLICEALNA &#8211; zdob\u0105d\u017a zaw\u00f3d w kr\u00f3tkim czasie! Po uko\u0144czeniu szko\u0142y \u015bredniej mo\u017cna od razu poszuka\u0107 pracy, ale wiele os\u00f3b pragnie r\u00f3wnie\u017c kontynuowa\u0107 nauk\u0119.\u00a0Dobrym wyborem mo\u017ce by\u0107 wtedy szko\u0142a policealna, w kt\u00f3rej w rok lub w dwa lata, w zale\u017cno\u015bci od wybranego kierunku, zdob\u0119dziesz praktyczn\u0105 wiedz\u0119 i po\u017c\u0105dany na rynku zaw\u00f3d. W naszej SZKOLE POLICEALNEJ [&hellip;]<\/p>\n","protected":false},"author":1,"featured_media":0,"parent":0,"menu_order":0,"comment_status":"closed","ping_status":"closed","template":"page-templates\/pagebuilder.php","meta":{"zakra_sidebar_layout":"centered","zakra_remove_content_margin":false,"zakra_sidebar":"customizer","zakra_transparent_header":"customizer","zakra_logo":0,"zakra_main_header_style":"default","zakra_menu_item_color":"","zakra_menu_item_hover_color":"","zakra_menu_item_active_color":"","zakra_menu_active_style":"","zakra_page_header":true,"footnotes":""},"class_list":["post-1909","page","type-page","status-publish","hentry"],"yoast_head":"<!-- This site is optimized with the Yoast SEO plugin v26.6 - https:\/\/yoast.com\/wordpress\/plugins\/seo\/ -->\n<title>Szko\u0142a policealna - Socho-Edukacja - szko\u0142y zaoczne<\/title>\n<meta name=\"robots\" content=\"index, follow, max-snippet:-1, max-image-preview:large, max-video-preview:-1\" \/>\n<link rel=\"canonical\" href=\"https:\/\/socho-edu.pl\/?page_id=1909\" \/>\n<meta property=\"og:locale\" content=\"pl_PL\" \/>\n<meta property=\"og:type\" content=\"article\" \/>\n<meta property=\"og:title\" content=\"Szko\u0142a policealna - Socho-Edukacja - szko\u0142y zaoczne\" \/>\n<meta property=\"og:description\" content=\"SZKO\u0141A POLICEALNA &#8211; zdob\u0105d\u017a zaw\u00f3d w kr\u00f3tkim czasie! Po uko\u0144czeniu szko\u0142y \u015bredniej mo\u017cna od razu poszuka\u0107 pracy, ale wiele os\u00f3b pragnie r\u00f3wnie\u017c kontynuowa\u0107 nauk\u0119.\u00a0Dobrym wyborem mo\u017ce by\u0107 wtedy szko\u0142a policealna, w kt\u00f3rej w rok lub w dwa lata, w zale\u017cno\u015bci od wybranego kierunku, zdob\u0119dziesz praktyczn\u0105 wiedz\u0119 i po\u017c\u0105dany na rynku zaw\u00f3d. W naszej SZKOLE POLICEALNEJ [&hellip;]\" \/>\n<meta property=\"og:url\" content=\"https:\/\/socho-edu.pl\/?page_id=1909\" \/>\n<meta property=\"og:site_name\" content=\"Socho-Edukacja - szko\u0142y zaoczne\" \/>\n<meta property=\"article:modified_time\" content=\"2021-12-08T11:14:02+00:00\" \/>\n<meta property=\"og:image\" content=\"http:\/\/socho-edu.pl\/wp-content\/uploads\/2021\/07\/kobieta-w-administracji-300x212.jpg\" \/>\n<meta name=\"twitter:card\" content=\"summary_large_image\" \/>\n<meta name=\"twitter:label1\" content=\"Szacowany czas czytania\" \/>\n\t<meta name=\"twitter:data1\" content=\"2 minuty\" \/>\n<script type=\"application\/ld+json\" class=\"yoast-schema-graph\">{\"@context\":\"https:\/\/schema.org\",\"@graph\":[{\"@type\":\"WebPage\",\"@id\":\"https:\/\/socho-edu.pl\/?page_id=1909\",\"url\":\"https:\/\/socho-edu.pl\/?page_id=1909\",\"name\":\"Szko\u0142a policealna - Socho-Edukacja - szko\u0142y zaoczne\",\"isPartOf\":{\"@id\":\"https:\/\/socho-edu.pl\/#website\"},\"primaryImageOfPage\":{\"@id\":\"https:\/\/socho-edu.pl\/?page_id=1909#primaryimage\"},\"image\":{\"@id\":\"https:\/\/socho-edu.pl\/?page_id=1909#primaryimage\"},\"thumbnailUrl\":\"http:\/\/socho-edu.pl\/wp-content\/uploads\/2021\/07\/kobieta-w-administracji-300x212.jpg\",\"datePublished\":\"2021-11-25T09:33:02+00:00\",\"dateModified\":\"2021-12-08T11:14:02+00:00\",\"breadcrumb\":{\"@id\":\"https:\/\/socho-edu.pl\/?page_id=1909#breadcrumb\"},\"inLanguage\":\"pl-PL\",\"potentialAction\":[{\"@type\":\"ReadAction\",\"target\":[\"https:\/\/socho-edu.pl\/?page_id=1909\"]}]},{\"@type\":\"ImageObject\",\"inLanguage\":\"pl-PL\",\"@id\":\"https:\/\/socho-edu.pl\/?page_id=1909#primaryimage\",\"url\":\"https:\/\/socho-edu.pl\/wp-content\/uploads\/2021\/07\/kobieta-w-administracji.jpg\",\"contentUrl\":\"https:\/\/socho-edu.pl\/wp-content\/uploads\/2021\/07\/kobieta-w-administracji.jpg\",\"width\":1920,\"height\":1357},{\"@type\":\"BreadcrumbList\",\"@id\":\"https:\/\/socho-edu.pl\/?page_id=1909#breadcrumb\",\"itemListElement\":[{\"@type\":\"ListItem\",\"position\":1,\"name\":\"Strona g\u0142\u00f3wna\",\"item\":\"https:\/\/socho-edu.pl\/\"},{\"@type\":\"ListItem\",\"position\":2,\"name\":\"Szko\u0142a policealna\"}]},{\"@type\":\"WebSite\",\"@id\":\"https:\/\/socho-edu.pl\/#website\",\"url\":\"https:\/\/socho-edu.pl\/\",\"name\":\"Socho-Edukacja - szko\u0142y zaoczne\",\"description\":\"\",\"potentialAction\":[{\"@type\":\"SearchAction\",\"target\":{\"@type\":\"EntryPoint\",\"urlTemplate\":\"https:\/\/socho-edu.pl\/?s={search_term_string}\"},\"query-input\":{\"@type\":\"PropertyValueSpecification\",\"valueRequired\":true,\"valueName\":\"search_term_string\"}}],\"inLanguage\":\"pl-PL\"}]}<\/script>\n<!-- \/ Yoast SEO plugin. -->","yoast_head_json":{"title":"Szko\u0142a policealna - Socho-Edukacja - szko\u0142y zaoczne","robots":{"index":"index","follow":"follow","max-snippet":"max-snippet:-1","max-image-preview":"max-image-preview:large","max-video-preview":"max-video-preview:-1"},"canonical":"https:\/\/socho-edu.pl\/?page_id=1909","og_locale":"pl_PL","og_type":"article","og_title":"Szko\u0142a policealna - Socho-Edukacja - szko\u0142y zaoczne","og_description":"SZKO\u0141A POLICEALNA &#8211; zdob\u0105d\u017a zaw\u00f3d w kr\u00f3tkim czasie! Po uko\u0144czeniu szko\u0142y \u015bredniej mo\u017cna od razu poszuka\u0107 pracy, ale wiele os\u00f3b pragnie r\u00f3wnie\u017c kontynuowa\u0107 nauk\u0119.\u00a0Dobrym wyborem mo\u017ce by\u0107 wtedy szko\u0142a policealna, w kt\u00f3rej w rok lub w dwa lata, w zale\u017cno\u015bci od wybranego kierunku, zdob\u0119dziesz praktyczn\u0105 wiedz\u0119 i po\u017c\u0105dany na rynku zaw\u00f3d. W naszej SZKOLE POLICEALNEJ [&hellip;]","og_url":"https:\/\/socho-edu.pl\/?page_id=1909","og_site_name":"Socho-Edukacja - szko\u0142y zaoczne","article_modified_time":"2021-12-08T11:14:02+00:00","og_image":[{"url":"http:\/\/socho-edu.pl\/wp-content\/uploads\/2021\/07\/kobieta-w-administracji-300x212.jpg","type":"","width":"","height":""}],"twitter_card":"summary_large_image","twitter_misc":{"Szacowany czas czytania":"2 minuty"},"schema":{"@context":"https:\/\/schema.org","@graph":[{"@type":"WebPage","@id":"https:\/\/socho-edu.pl\/?page_id=1909","url":"https:\/\/socho-edu.pl\/?page_id=1909","name":"Szko\u0142a policealna - Socho-Edukacja - szko\u0142y zaoczne","isPartOf":{"@id":"https:\/\/socho-edu.pl\/#website"},"primaryImageOfPage":{"@id":"https:\/\/socho-edu.pl\/?page_id=1909#primaryimage"},"image":{"@id":"https:\/\/socho-edu.pl\/?page_id=1909#primaryimage"},"thumbnailUrl":"http:\/\/socho-edu.pl\/wp-content\/uploads\/2021\/07\/kobieta-w-administracji-300x212.jpg","datePublished":"2021-11-25T09:33:02+00:00","dateModified":"2021-12-08T11:14:02+00:00","breadcrumb":{"@id":"https:\/\/socho-edu.pl\/?page_id=1909#breadcrumb"},"inLanguage":"pl-PL","potentialAction":[{"@type":"ReadAction","target":["https:\/\/socho-edu.pl\/?page_id=1909"]}]},{"@type":"ImageObject","inLanguage":"pl-PL","@id":"https:\/\/socho-edu.pl\/?page_id=1909#primaryimage","url":"https:\/\/socho-edu.pl\/wp-content\/uploads\/2021\/07\/kobieta-w-administracji.jpg","contentUrl":"https:\/\/socho-edu.pl\/wp-content\/uploads\/2021\/07\/kobieta-w-administracji.jpg","width":1920,"height":1357},{"@type":"BreadcrumbList","@id":"https:\/\/socho-edu.pl\/?page_id=1909#breadcrumb","itemListElement":[{"@type":"ListItem","position":1,"name":"Strona g\u0142\u00f3wna","item":"https:\/\/socho-edu.pl\/"},{"@type":"ListItem","position":2,"name":"Szko\u0142a policealna"}]},{"@type":"WebSite","@id":"https:\/\/socho-edu.pl\/#website","url":"https:\/\/socho-edu.pl\/","name":"Socho-Edukacja - szko\u0142y zaoczne","description":"","potentialAction":[{"@type":"SearchAction","target":{"@type":"EntryPoint","urlTemplate":"https:\/\/socho-edu.pl\/?s={search_term_string}"},"query-input":{"@type":"PropertyValueSpecification","valueRequired":true,"valueName":"search_term_string"}}],"inLanguage":"pl-PL"}]}},"_links":{"self":[{"href":"https:\/\/socho-edu.pl\/index.php?rest_route=\/wp\/v2\/pages\/1909","targetHints":{"allow":["GET"]}}],"collection":[{"href":"https:\/\/socho-edu.pl\/index.php?rest_route=\/wp\/v2\/pages"}],"about":[{"href":"https:\/\/socho-edu.pl\/index.php?rest_route=\/wp\/v2\/types\/page"}],"author":[{"embeddable":true,"href":"https:\/\/socho-edu.pl\/index.php?rest_route=\/wp\/v2\/users\/1"}],"replies":[{"embeddable":true,"href":"https:\/\/socho-edu.pl\/index.php?rest_route=%2Fwp%2Fv2%2Fcomments&post=1909"}],"version-history":[{"count":5,"href":"https:\/\/socho-edu.pl\/index.php?rest_route=\/wp\/v2\/pages\/1909\/revisions"}],"predecessor-version":[{"id":2262,"href":"https:\/\/socho-edu.pl\/index.php?rest_route=\/wp\/v2\/pages\/1909\/revisions\/2262"}],"wp:attachment":[{"href":"https:\/\/socho-edu.pl\/index.php?rest_route=%2Fwp%2Fv2%2Fmedia&parent=1909"}],"curies":[{"name":"wp","href":"https:\/\/api.w.org\/{rel}","templated":true}]}}