{"id":1225,"date":"2021-04-23T22:33:02","date_gmt":"2021-04-23T20:33:02","guid":{"rendered":"https:\/\/socho-edu.pl\/?page_id=1225"},"modified":"2021-11-18T11:23:25","modified_gmt":"2021-11-18T10:23:25","slug":"aktualnosci","status":"publish","type":"page","link":"https:\/\/socho-edu.pl\/?page_id=1225","title":{"rendered":"Aktualno\u015bci"},"content":{"rendered":"\n<div class=\"wp-block-columns is-layout-flex wp-container-core-columns-is-layout-28f84493 wp-block-columns-is-layout-flex\">\n<div class=\"wp-block-column is-layout-flow wp-block-column-is-layout-flow\" style=\"flex-basis:100%\">\n<div class=\"wp-block-columns is-layout-flex wp-container-core-columns-is-layout-28f84493 wp-block-columns-is-layout-flex\">\n<div class=\"wp-block-column is-layout-flow wp-block-column-is-layout-flow\" style=\"flex-basis:100%\">\n<div class=\"wp-block-columns is-layout-flex wp-container-core-columns-is-layout-28f84493 wp-block-columns-is-layout-flex\">\n<div class=\"wp-block-column is-layout-flow wp-block-column-is-layout-flow\" style=\"flex-basis:100%\">\n<div class=\"wp-block-group is-layout-flow wp-block-group-is-layout-flow\">\n<figure class=\"wp-block-table is-style-stripes\"><table><tbody><tr><td>Terminy zjazd\u00f3w rok szkolny 2021\/2022 semestr zimowy:<br>1.\u00a0\u00a0\u00a0\u00a0\u00a0 11.09. \u2013 12.09.2021r.<br>2.\u00a0\u00a0\u00a0\u00a0\u00a0 25.09. \u2013 26.09. 2021r.<br>3.\u00a0\u00a0\u00a0\u00a0\u00a0 09.10. \u2013 10.10. 2021r.<br>4.\u00a0\u00a0\u00a0\u00a0\u00a0 23.10. \u2013 24.10. 2021r..<br>5.\u00a0\u00a0\u00a0\u00a0\u00a0 06.11. \u2013 07.11. 2021r.<br>6.\u00a0\u00a0\u00a0\u00a0\u00a0 20.11. \u2013 21.11. 2021r..<br>7.\u00a0\u00a0\u00a0\u00a0\u00a0 04.12. \u2013 05.12. 2021r..<br>8.\u00a0\u00a0\u00a0\u00a0\u00a0 18.12. \u2013 19.12. 2021r.\u2013 ostatni zjazd dla VI LO<br>9.\u00a0\u00a0\u00a0\u00a0\u00a0 15.01. \u2013 16.01. 2022r.<br>10.\u00a0   22.01. \u2013 23.01. 2022r.<br><\/td><td><\/td><\/tr><tr><td><\/td><td><\/td><\/tr><tr><td><\/td><td><\/td><\/tr><tr><td><\/td><td><\/td><\/tr><tr><td><\/td><td><\/td><\/tr><tr><td><\/td><td><\/td><\/tr><tr><td><\/td><td><\/td><\/tr><tr><td><\/td><td><\/td><\/tr><tr><td><\/td><td><\/td><\/tr><tr><td><\/td><td><\/td><\/tr><\/tbody><\/table><\/figure>\n<\/div>\n<\/div>\n<\/div>\n<\/div>\n<\/div>\n<\/div>\n<\/div>\n","protected":false},"excerpt":{"rendered":"<p>Terminy zjazd\u00f3w rok szkolny 2021\/2022 semestr zimowy:1.\u00a0\u00a0\u00a0\u00a0\u00a0 11.09. \u2013 12.09.2021r.2.\u00a0\u00a0\u00a0\u00a0\u00a0 25.09. \u2013 26.09. 2021r.3.\u00a0\u00a0\u00a0\u00a0\u00a0 09.10. \u2013 10.10. 2021r.4.\u00a0\u00a0\u00a0\u00a0\u00a0 23.10. \u2013 24.10. 2021r..5.\u00a0\u00a0\u00a0\u00a0\u00a0 06.11. \u2013 07.11. 2021r.6.\u00a0\u00a0\u00a0\u00a0\u00a0 20.11. \u2013 21.11. 2021r..7.\u00a0\u00a0\u00a0\u00a0\u00a0 04.12. \u2013 05.12. 2021r..8.\u00a0\u00a0\u00a0\u00a0\u00a0 18.12. \u2013 19.12. 2021r.\u2013 ostatni zjazd dla VI LO9.\u00a0\u00a0\u00a0\u00a0\u00a0 15.01. \u2013 16.01. 2022r.10.\u00a0 22.01. \u2013 23.01. 2022r.<\/p>\n","protected":false},"author":1,"featured_media":0,"parent":0,"menu_order":0,"comment_status":"closed","ping_status":"closed","template":"","meta":{"zakra_sidebar_layout":"centered","zakra_remove_content_margin":false,"zakra_sidebar":"customizer","zakra_transparent_header":"customizer","zakra_logo":0,"zakra_main_header_style":"default","zakra_menu_item_color":"","zakra_menu_item_hover_color":"","zakra_menu_item_active_color":"","zakra_menu_active_style":"","zakra_page_header":true,"footnotes":""},"class_list":["post-1225","page","type-page","status-publish","hentry"],"yoast_head":"<!-- This site is optimized with the Yoast SEO plugin v26.6 - https:\/\/yoast.com\/wordpress\/plugins\/seo\/ -->\n<title>Aktualno\u015bci - Socho-Edukacja - szko\u0142y zaoczne<\/title>\n<meta name=\"robots\" content=\"index, follow, max-snippet:-1, max-image-preview:large, max-video-preview:-1\" \/>\n<link rel=\"canonical\" href=\"https:\/\/socho-edu.pl\/?page_id=1225\" \/>\n<meta property=\"og:locale\" content=\"pl_PL\" \/>\n<meta property=\"og:type\" content=\"article\" \/>\n<meta property=\"og:title\" content=\"Aktualno\u015bci - Socho-Edukacja - szko\u0142y zaoczne\" \/>\n<meta property=\"og:description\" content=\"Terminy zjazd\u00f3w rok szkolny 2021\/2022 semestr zimowy:1.\u00a0\u00a0\u00a0\u00a0\u00a0 11.09. \u2013 12.09.2021r.2.\u00a0\u00a0\u00a0\u00a0\u00a0 25.09. \u2013 26.09. 2021r.3.\u00a0\u00a0\u00a0\u00a0\u00a0 09.10. \u2013 10.10. 2021r.4.\u00a0\u00a0\u00a0\u00a0\u00a0 23.10. \u2013 24.10. 2021r..5.\u00a0\u00a0\u00a0\u00a0\u00a0 06.11. \u2013 07.11. 2021r.6.\u00a0\u00a0\u00a0\u00a0\u00a0 20.11. \u2013 21.11. 2021r..7.\u00a0\u00a0\u00a0\u00a0\u00a0 04.12. \u2013 05.12. 2021r..8.\u00a0\u00a0\u00a0\u00a0\u00a0 18.12. \u2013 19.12. 2021r.\u2013 ostatni zjazd dla VI LO9.\u00a0\u00a0\u00a0\u00a0\u00a0 15.01. \u2013 16.01. 2022r.10.\u00a0 22.01. \u2013 23.01. 2022r.\" \/>\n<meta property=\"og:url\" content=\"https:\/\/socho-edu.pl\/?page_id=1225\" \/>\n<meta property=\"og:site_name\" content=\"Socho-Edukacja - szko\u0142y zaoczne\" \/>\n<meta property=\"article:modified_time\" content=\"2021-11-18T10:23:25+00:00\" \/>\n<meta name=\"twitter:card\" content=\"summary_large_image\" \/>\n<meta name=\"twitter:label1\" content=\"Szacowany czas czytania\" \/>\n\t<meta name=\"twitter:data1\" content=\"1 minuta\" \/>\n<script type=\"application\/ld+json\" class=\"yoast-schema-graph\">{\"@context\":\"https:\/\/schema.org\",\"@graph\":[{\"@type\":[\"WebPage\",\"CollectionPage\"],\"@id\":\"https:\/\/socho-edu.pl\/?page_id=1225\",\"url\":\"https:\/\/socho-edu.pl\/?page_id=1225\",\"name\":\"Aktualno\u015bci - Socho-Edukacja - szko\u0142y zaoczne\",\"isPartOf\":{\"@id\":\"https:\/\/socho-edu.pl\/#website\"},\"datePublished\":\"2021-04-23T20:33:02+00:00\",\"dateModified\":\"2021-11-18T10:23:25+00:00\",\"breadcrumb\":{\"@id\":\"https:\/\/socho-edu.pl\/?page_id=1225#breadcrumb\"},\"inLanguage\":\"pl-PL\"},{\"@type\":\"BreadcrumbList\",\"@id\":\"https:\/\/socho-edu.pl\/?page_id=1225#breadcrumb\",\"itemListElement\":[{\"@type\":\"ListItem\",\"position\":1,\"name\":\"Strona g\u0142\u00f3wna\",\"item\":\"https:\/\/socho-edu.pl\/\"},{\"@type\":\"ListItem\",\"position\":2,\"name\":\"Aktualno\u015bci\"}]},{\"@type\":\"WebSite\",\"@id\":\"https:\/\/socho-edu.pl\/#website\",\"url\":\"https:\/\/socho-edu.pl\/\",\"name\":\"Socho-Edukacja - szko\u0142y zaoczne\",\"description\":\"\",\"potentialAction\":[{\"@type\":\"SearchAction\",\"target\":{\"@type\":\"EntryPoint\",\"urlTemplate\":\"https:\/\/socho-edu.pl\/?s={search_term_string}\"},\"query-input\":{\"@type\":\"PropertyValueSpecification\",\"valueRequired\":true,\"valueName\":\"search_term_string\"}}],\"inLanguage\":\"pl-PL\"}]}<\/script>\n<!-- \/ Yoast SEO plugin. -->","yoast_head_json":{"title":"Aktualno\u015bci - Socho-Edukacja - szko\u0142y zaoczne","robots":{"index":"index","follow":"follow","max-snippet":"max-snippet:-1","max-image-preview":"max-image-preview:large","max-video-preview":"max-video-preview:-1"},"canonical":"https:\/\/socho-edu.pl\/?page_id=1225","og_locale":"pl_PL","og_type":"article","og_title":"Aktualno\u015bci - Socho-Edukacja - szko\u0142y zaoczne","og_description":"Terminy zjazd\u00f3w rok szkolny 2021\/2022 semestr zimowy:1.\u00a0\u00a0\u00a0\u00a0\u00a0 11.09. \u2013 12.09.2021r.2.\u00a0\u00a0\u00a0\u00a0\u00a0 25.09. \u2013 26.09. 2021r.3.\u00a0\u00a0\u00a0\u00a0\u00a0 09.10. \u2013 10.10. 2021r.4.\u00a0\u00a0\u00a0\u00a0\u00a0 23.10. \u2013 24.10. 2021r..5.\u00a0\u00a0\u00a0\u00a0\u00a0 06.11. \u2013 07.11. 2021r.6.\u00a0\u00a0\u00a0\u00a0\u00a0 20.11. \u2013 21.11. 2021r..7.\u00a0\u00a0\u00a0\u00a0\u00a0 04.12. \u2013 05.12. 2021r..8.\u00a0\u00a0\u00a0\u00a0\u00a0 18.12. \u2013 19.12. 2021r.\u2013 ostatni zjazd dla VI LO9.\u00a0\u00a0\u00a0\u00a0\u00a0 15.01. \u2013 16.01. 2022r.10.\u00a0 22.01. \u2013 23.01. 2022r.","og_url":"https:\/\/socho-edu.pl\/?page_id=1225","og_site_name":"Socho-Edukacja - szko\u0142y zaoczne","article_modified_time":"2021-11-18T10:23:25+00:00","twitter_card":"summary_large_image","twitter_misc":{"Szacowany czas czytania":"1 minuta"},"schema":{"@context":"https:\/\/schema.org","@graph":[{"@type":["WebPage","CollectionPage"],"@id":"https:\/\/socho-edu.pl\/?page_id=1225","url":"https:\/\/socho-edu.pl\/?page_id=1225","name":"Aktualno\u015bci - Socho-Edukacja - szko\u0142y zaoczne","isPartOf":{"@id":"https:\/\/socho-edu.pl\/#website"},"datePublished":"2021-04-23T20:33:02+00:00","dateModified":"2021-11-18T10:23:25+00:00","breadcrumb":{"@id":"https:\/\/socho-edu.pl\/?page_id=1225#breadcrumb"},"inLanguage":"pl-PL"},{"@type":"BreadcrumbList","@id":"https:\/\/socho-edu.pl\/?page_id=1225#breadcrumb","itemListElement":[{"@type":"ListItem","position":1,"name":"Strona g\u0142\u00f3wna","item":"https:\/\/socho-edu.pl\/"},{"@type":"ListItem","position":2,"name":"Aktualno\u015bci"}]},{"@type":"WebSite","@id":"https:\/\/socho-edu.pl\/#website","url":"https:\/\/socho-edu.pl\/","name":"Socho-Edukacja - szko\u0142y zaoczne","description":"","potentialAction":[{"@type":"SearchAction","target":{"@type":"EntryPoint","urlTemplate":"https:\/\/socho-edu.pl\/?s={search_term_string}"},"query-input":{"@type":"PropertyValueSpecification","valueRequired":true,"valueName":"search_term_string"}}],"inLanguage":"pl-PL"}]}},"_links":{"self":[{"href":"https:\/\/socho-edu.pl\/index.php?rest_route=\/wp\/v2\/pages\/1225","targetHints":{"allow":["GET"]}}],"collection":[{"href":"https:\/\/socho-edu.pl\/index.php?rest_route=\/wp\/v2\/pages"}],"about":[{"href":"https:\/\/socho-edu.pl\/index.php?rest_route=\/wp\/v2\/types\/page"}],"author":[{"embeddable":true,"href":"https:\/\/socho-edu.pl\/index.php?rest_route=\/wp\/v2\/users\/1"}],"replies":[{"embeddable":true,"href":"https:\/\/socho-edu.pl\/index.php?rest_route=%2Fwp%2Fv2%2Fcomments&post=1225"}],"version-history":[{"count":3,"href":"https:\/\/socho-edu.pl\/index.php?rest_route=\/wp\/v2\/pages\/1225\/revisions"}],"predecessor-version":[{"id":1803,"href":"https:\/\/socho-edu.pl\/index.php?rest_route=\/wp\/v2\/pages\/1225\/revisions\/1803"}],"wp:attachment":[{"href":"https:\/\/socho-edu.pl\/index.php?rest_route=%2Fwp%2Fv2%2Fmedia&parent=1225"}],"curies":[{"name":"wp","href":"https:\/\/api.w.org\/{rel}","templated":true}]}}