{"id":1185,"date":"2021-03-30T14:31:27","date_gmt":"2021-03-30T12:31:27","guid":{"rendered":"https:\/\/socho-edu.pl\/?page_id=1185"},"modified":"2021-11-29T13:22:36","modified_gmt":"2021-11-29T12:22:36","slug":"dla-maturzystow-2","status":"publish","type":"page","link":"https:\/\/socho-edu.pl\/?page_id=1185","title":{"rendered":"O nas"},"content":{"rendered":"\t\t<div data-elementor-type=\"wp-page\" data-elementor-id=\"1185\" class=\"elementor elementor-1185\">\n\t\t\t\t\t\t<section class=\"elementor-section elementor-top-section elementor-element elementor-element-62339905 elementor-section-boxed elementor-section-height-default elementor-section-height-default\" data-id=\"62339905\" data-element_type=\"section\">\n\t\t\t\t\t\t<div class=\"elementor-container elementor-column-gap-default\">\n\t\t\t\t\t<div class=\"elementor-column elementor-col-100 elementor-top-column elementor-element elementor-element-e233642\" data-id=\"e233642\" data-element_type=\"column\">\n\t\t\t<div class=\"elementor-widget-wrap elementor-element-populated\">\n\t\t\t\t\t\t<div class=\"elementor-element elementor-element-1b7ec7f5 elementor-widget elementor-widget-text-editor\" data-id=\"1b7ec7f5\" data-element_type=\"widget\" data-widget_type=\"text-editor.default\">\n\t\t\t\t<div class=\"elementor-widget-container\">\n\t\t\t\t\t\t\t\t\t\n<h2 class=\"wp-block-heading\">Kr\u00f3tko o nas<\/h2>\n\n<figure class=\"wp-block-pullquote alignwide\">\n<blockquote>\n<p>Nasze szko\u0142y zosta\u0142y za\u0142o\u017cone w 2000 roku. Pocz\u0105tkowo kszta\u0142cili\u015bmy doros\u0142ych w Liceum Og\u00f3lnokszta\u0142c\u0105cym oraz Szkole Policealnej na kierunku Technik Bezpiecze\u0144stwa i Higieny Pracy. Od 2003 roku rozpocz\u0119li\u015bmy nab\u00f3r dla absolwent\u00f3w szk\u00f3\u0142 \u015brednich na kierunek Technik Administracji. Posiadamy uprawnienia szk\u00f3\u0142 publicznych. Nasze szko\u0142y uko\u0144czy\u0142o ju\u017c ponad dwa tysi\u0105ce absolwent\u00f3w.<\/p>\n<\/blockquote>\n<\/figure>\n\t\t\t\t\t\t\t\t<\/div>\n\t\t\t\t<\/div>\n\t\t\t\t\t<\/div>\n\t\t<\/div>\n\t\t\t\t\t<\/div>\n\t\t<\/section>\n\t\t\t\t<\/div>\n\t\t","protected":false},"excerpt":{"rendered":"<p>Kr\u00f3tko o nas Nasze szko\u0142y zosta\u0142y za\u0142o\u017cone w 2000 roku. Pocz\u0105tkowo kszta\u0142cili\u015bmy doros\u0142ych w Liceum Og\u00f3lnokszta\u0142c\u0105cym oraz Szkole Policealnej na kierunku Technik Bezpiecze\u0144stwa i Higieny Pracy. Od 2003 roku rozpocz\u0119li\u015bmy nab\u00f3r dla absolwent\u00f3w szk\u00f3\u0142 \u015brednich na kierunek Technik Administracji. Posiadamy uprawnienia szk\u00f3\u0142 publicznych. Nasze szko\u0142y uko\u0144czy\u0142o ju\u017c ponad dwa tysi\u0105ce absolwent\u00f3w.<\/p>\n","protected":false},"author":1,"featured_media":0,"parent":0,"menu_order":0,"comment_status":"closed","ping_status":"closed","template":"page-templates\/pagebuilder.php","meta":{"zakra_sidebar_layout":"centered","zakra_remove_content_margin":false,"zakra_sidebar":"customizer","zakra_transparent_header":"customizer","zakra_logo":0,"zakra_main_header_style":"default","zakra_menu_item_color":"","zakra_menu_item_hover_color":"","zakra_menu_item_active_color":"","zakra_menu_active_style":"","zakra_page_header":true,"footnotes":""},"class_list":["post-1185","page","type-page","status-publish","hentry"],"yoast_head":"<!-- This site is optimized with the Yoast SEO plugin v26.6 - https:\/\/yoast.com\/wordpress\/plugins\/seo\/ -->\n<title>O nas - Socho-Edukacja - szko\u0142y zaoczne<\/title>\n<meta name=\"robots\" content=\"index, follow, max-snippet:-1, max-image-preview:large, max-video-preview:-1\" \/>\n<link rel=\"canonical\" href=\"https:\/\/socho-edu.pl\/?page_id=1185\" \/>\n<meta property=\"og:locale\" content=\"pl_PL\" \/>\n<meta property=\"og:type\" content=\"article\" \/>\n<meta property=\"og:title\" content=\"O nas - Socho-Edukacja - szko\u0142y zaoczne\" \/>\n<meta property=\"og:description\" content=\"Kr\u00f3tko o nas Nasze szko\u0142y zosta\u0142y za\u0142o\u017cone w 2000 roku. Pocz\u0105tkowo kszta\u0142cili\u015bmy doros\u0142ych w Liceum Og\u00f3lnokszta\u0142c\u0105cym oraz Szkole Policealnej na kierunku Technik Bezpiecze\u0144stwa i Higieny Pracy. Od 2003 roku rozpocz\u0119li\u015bmy nab\u00f3r dla absolwent\u00f3w szk\u00f3\u0142 \u015brednich na kierunek Technik Administracji. Posiadamy uprawnienia szk\u00f3\u0142 publicznych. Nasze szko\u0142y uko\u0144czy\u0142o ju\u017c ponad dwa tysi\u0105ce absolwent\u00f3w.\" \/>\n<meta property=\"og:url\" content=\"https:\/\/socho-edu.pl\/?page_id=1185\" \/>\n<meta property=\"og:site_name\" content=\"Socho-Edukacja - szko\u0142y zaoczne\" \/>\n<meta property=\"article:modified_time\" content=\"2021-11-29T12:22:36+00:00\" \/>\n<meta name=\"twitter:card\" content=\"summary_large_image\" \/>\n<meta name=\"twitter:label1\" content=\"Szacowany czas czytania\" \/>\n\t<meta name=\"twitter:data1\" content=\"1 minuta\" \/>\n<script type=\"application\/ld+json\" class=\"yoast-schema-graph\">{\"@context\":\"https:\/\/schema.org\",\"@graph\":[{\"@type\":\"WebPage\",\"@id\":\"https:\/\/socho-edu.pl\/?page_id=1185\",\"url\":\"https:\/\/socho-edu.pl\/?page_id=1185\",\"name\":\"O nas - Socho-Edukacja - szko\u0142y zaoczne\",\"isPartOf\":{\"@id\":\"https:\/\/socho-edu.pl\/#website\"},\"datePublished\":\"2021-03-30T12:31:27+00:00\",\"dateModified\":\"2021-11-29T12:22:36+00:00\",\"breadcrumb\":{\"@id\":\"https:\/\/socho-edu.pl\/?page_id=1185#breadcrumb\"},\"inLanguage\":\"pl-PL\",\"potentialAction\":[{\"@type\":\"ReadAction\",\"target\":[\"https:\/\/socho-edu.pl\/?page_id=1185\"]}]},{\"@type\":\"BreadcrumbList\",\"@id\":\"https:\/\/socho-edu.pl\/?page_id=1185#breadcrumb\",\"itemListElement\":[{\"@type\":\"ListItem\",\"position\":1,\"name\":\"Strona g\u0142\u00f3wna\",\"item\":\"https:\/\/socho-edu.pl\/\"},{\"@type\":\"ListItem\",\"position\":2,\"name\":\"O nas\"}]},{\"@type\":\"WebSite\",\"@id\":\"https:\/\/socho-edu.pl\/#website\",\"url\":\"https:\/\/socho-edu.pl\/\",\"name\":\"Socho-Edukacja - szko\u0142y zaoczne\",\"description\":\"\",\"potentialAction\":[{\"@type\":\"SearchAction\",\"target\":{\"@type\":\"EntryPoint\",\"urlTemplate\":\"https:\/\/socho-edu.pl\/?s={search_term_string}\"},\"query-input\":{\"@type\":\"PropertyValueSpecification\",\"valueRequired\":true,\"valueName\":\"search_term_string\"}}],\"inLanguage\":\"pl-PL\"}]}<\/script>\n<!-- \/ Yoast SEO plugin. -->","yoast_head_json":{"title":"O nas - Socho-Edukacja - szko\u0142y zaoczne","robots":{"index":"index","follow":"follow","max-snippet":"max-snippet:-1","max-image-preview":"max-image-preview:large","max-video-preview":"max-video-preview:-1"},"canonical":"https:\/\/socho-edu.pl\/?page_id=1185","og_locale":"pl_PL","og_type":"article","og_title":"O nas - Socho-Edukacja - szko\u0142y zaoczne","og_description":"Kr\u00f3tko o nas Nasze szko\u0142y zosta\u0142y za\u0142o\u017cone w 2000 roku. Pocz\u0105tkowo kszta\u0142cili\u015bmy doros\u0142ych w Liceum Og\u00f3lnokszta\u0142c\u0105cym oraz Szkole Policealnej na kierunku Technik Bezpiecze\u0144stwa i Higieny Pracy. Od 2003 roku rozpocz\u0119li\u015bmy nab\u00f3r dla absolwent\u00f3w szk\u00f3\u0142 \u015brednich na kierunek Technik Administracji. Posiadamy uprawnienia szk\u00f3\u0142 publicznych. Nasze szko\u0142y uko\u0144czy\u0142o ju\u017c ponad dwa tysi\u0105ce absolwent\u00f3w.","og_url":"https:\/\/socho-edu.pl\/?page_id=1185","og_site_name":"Socho-Edukacja - szko\u0142y zaoczne","article_modified_time":"2021-11-29T12:22:36+00:00","twitter_card":"summary_large_image","twitter_misc":{"Szacowany czas czytania":"1 minuta"},"schema":{"@context":"https:\/\/schema.org","@graph":[{"@type":"WebPage","@id":"https:\/\/socho-edu.pl\/?page_id=1185","url":"https:\/\/socho-edu.pl\/?page_id=1185","name":"O nas - Socho-Edukacja - szko\u0142y zaoczne","isPartOf":{"@id":"https:\/\/socho-edu.pl\/#website"},"datePublished":"2021-03-30T12:31:27+00:00","dateModified":"2021-11-29T12:22:36+00:00","breadcrumb":{"@id":"https:\/\/socho-edu.pl\/?page_id=1185#breadcrumb"},"inLanguage":"pl-PL","potentialAction":[{"@type":"ReadAction","target":["https:\/\/socho-edu.pl\/?page_id=1185"]}]},{"@type":"BreadcrumbList","@id":"https:\/\/socho-edu.pl\/?page_id=1185#breadcrumb","itemListElement":[{"@type":"ListItem","position":1,"name":"Strona g\u0142\u00f3wna","item":"https:\/\/socho-edu.pl\/"},{"@type":"ListItem","position":2,"name":"O nas"}]},{"@type":"WebSite","@id":"https:\/\/socho-edu.pl\/#website","url":"https:\/\/socho-edu.pl\/","name":"Socho-Edukacja - szko\u0142y zaoczne","description":"","potentialAction":[{"@type":"SearchAction","target":{"@type":"EntryPoint","urlTemplate":"https:\/\/socho-edu.pl\/?s={search_term_string}"},"query-input":{"@type":"PropertyValueSpecification","valueRequired":true,"valueName":"search_term_string"}}],"inLanguage":"pl-PL"}]}},"_links":{"self":[{"href":"https:\/\/socho-edu.pl\/index.php?rest_route=\/wp\/v2\/pages\/1185","targetHints":{"allow":["GET"]}}],"collection":[{"href":"https:\/\/socho-edu.pl\/index.php?rest_route=\/wp\/v2\/pages"}],"about":[{"href":"https:\/\/socho-edu.pl\/index.php?rest_route=\/wp\/v2\/types\/page"}],"author":[{"embeddable":true,"href":"https:\/\/socho-edu.pl\/index.php?rest_route=\/wp\/v2\/users\/1"}],"replies":[{"embeddable":true,"href":"https:\/\/socho-edu.pl\/index.php?rest_route=%2Fwp%2Fv2%2Fcomments&post=1185"}],"version-history":[{"count":5,"href":"https:\/\/socho-edu.pl\/index.php?rest_route=\/wp\/v2\/pages\/1185\/revisions"}],"predecessor-version":[{"id":2000,"href":"https:\/\/socho-edu.pl\/index.php?rest_route=\/wp\/v2\/pages\/1185\/revisions\/2000"}],"wp:attachment":[{"href":"https:\/\/socho-edu.pl\/index.php?rest_route=%2Fwp%2Fv2%2Fmedia&parent=1185"}],"curies":[{"name":"wp","href":"https:\/\/api.w.org\/{rel}","templated":true}]}}